{"id":37,"date":"2025-09-26T15:51:10","date_gmt":"2025-09-26T13:51:10","guid":{"rendered":"https:\/\/glass.promic.preprodwebsite.fr\/?page_id=37"},"modified":"2026-01-30T16:09:44","modified_gmt":"2026-01-30T15:09:44","slug":"qui-sommes-nous","status":"publish","type":"page","link":"https:\/\/glass.promic.preprodwebsite.fr\/en\/qui-sommes-nous\/","title":{"rendered":"About us"},"content":{"rendered":"<div data-elementor-type=\"wp-post\" data-elementor-id=\"37\" class=\"elementor elementor-37\" data-elementor-settings=\"{&quot;ha_cmc_init_switcher&quot;:&quot;no&quot;}\" data-elementor-post-type=\"page\">\n\t\t\t\t<div class=\"elementor-element elementor-element-0b3dd88 e-flex e-con-boxed e-con e-parent\" data-id=\"0b3dd88\" data-element_type=\"container\" data-e-type=\"container\" data-settings=\"{&quot;jet_parallax_layout_list&quot;:[],&quot;_ha_eqh_enable&quot;:false}\">\n\t\t\t\t\t<div class=\"e-con-inner\">\n\t\t<div class=\"elementor-element elementor-element-fc3d68c e-con-full e-flex e-con e-child\" data-id=\"fc3d68c\" data-element_type=\"container\" data-e-type=\"container\" data-settings=\"{&quot;background_background&quot;:&quot;classic&quot;,&quot;jet_parallax_layout_list&quot;:[],&quot;_ha_eqh_enable&quot;:false}\">\n\t\t\t\t<div class=\"elementor-element elementor-element-65df592 elementor-widget elementor-widget-heading\" data-id=\"65df592\" data-element_type=\"widget\" data-e-type=\"widget\" data-widget_type=\"heading.default\">\n\t\t\t\t\t<h1 class=\"elementor-heading-title elementor-size-default\">Who we are<\/h1>\t\t\t\t<\/div>\n\t\t\t\t<\/div>\n\t\t\t\t\t<\/div>\n\t\t\t\t<\/div>\n\t\t<div class=\"elementor-element elementor-element-ccb7a41 e-grid e-con-boxed e-con e-parent\" data-id=\"ccb7a41\" data-element_type=\"container\" data-e-type=\"container\" data-settings=\"{&quot;jet_parallax_layout_list&quot;:[],&quot;_ha_eqh_enable&quot;:false}\">\n\t\t\t\t\t<div class=\"e-con-inner\">\n\t\t<div class=\"elementor-element elementor-element-92650d8 e-con-full e-flex e-con e-child\" data-id=\"92650d8\" data-element_type=\"container\" data-e-type=\"container\" data-settings=\"{&quot;jet_parallax_layout_list&quot;:[],&quot;_ha_eqh_enable&quot;:false}\">\n\t\t<div class=\"elementor-element elementor-element-5c0b500 e-con-full animated-slow e-flex elementor-invisible e-con e-child\" data-id=\"5c0b500\" data-element_type=\"container\" data-e-type=\"container\" data-settings=\"{&quot;animation&quot;:&quot;fadeInLeft&quot;,&quot;animation_delay&quot;:100,&quot;jet_parallax_layout_list&quot;:[],&quot;_ha_eqh_enable&quot;:false}\">\n\t\t\t\t<div class=\"elementor-element elementor-element-24bd63d elementor-widget elementor-widget-heading\" data-id=\"24bd63d\" data-element_type=\"widget\" data-e-type=\"widget\" data-widget_type=\"heading.default\">\n\t\t\t\t\t<h2 class=\"elementor-heading-title elementor-size-default\">Promic, a recognized player <\/h2>\t\t\t\t<\/div>\n\t\t\t\t<div class=\"elementor-element elementor-element-12ad8cd elementor-widget elementor-widget-text-editor\" data-id=\"12ad8cd\" data-element_type=\"widget\" data-e-type=\"widget\" data-widget_type=\"text-editor.default\">\n\t\t\t\t\t\t\t\t\t<p>Founded in 1981, PROMIC began by selling optical lenses and filters to industry, and designing and manufacturing equipment for optical education.<\/p><p>Over the years, the company has expanded its know-how to become a recognized player in the field of <strong>precision optical components, machined glass and surface treatments on various materials<\/strong>.<\/p>\t\t\t\t\t\t\t\t<\/div>\n\t\t\t\t<div class=\"elementor-element elementor-element-44511ce elementor-widget elementor-widget-button\" data-id=\"44511ce\" data-element_type=\"widget\" data-e-type=\"widget\" data-widget_type=\"button.default\">\n\t\t\t\t\t\t\t\t\t\t<a class=\"elementor-button elementor-button-link elementor-size-sm\" href=\"https:\/\/glass.promic.preprodwebsite.fr\/en\/contact\/\">\n\t\t\t\t\t\t<span class=\"elementor-button-content-wrapper\">\n\t\t\t\t\t\t\t\t\t<span class=\"elementor-button-text\">Contact us<\/span>\n\t\t\t\t\t<\/span>\n\t\t\t\t\t<\/a>\n\t\t\t\t\t\t\t\t<\/div>\n\t\t\t\t<\/div>\n\t\t\t\t<\/div>\n\t\t<div class=\"elementor-element elementor-element-1709248 e-con-full animated-slow e-flex elementor-invisible e-con e-child\" data-id=\"1709248\" data-element_type=\"container\" data-e-type=\"container\" data-settings=\"{&quot;animation&quot;:&quot;fadeInRight&quot;,&quot;animation_delay&quot;:300,&quot;jet_parallax_layout_list&quot;:[],&quot;_ha_eqh_enable&quot;:false}\">\n\t\t\t\t<div class=\"elementor-element elementor-element-b29531c elementor-widget elementor-widget-image\" data-id=\"b29531c\" data-element_type=\"widget\" data-e-type=\"widget\" data-widget_type=\"image.default\">\n\t\t\t\t\t\t\t\t\t\t\t\t\t\t\t<img fetchpriority=\"high\" decoding=\"async\" width=\"800\" height=\"534\" src=\"https:\/\/glass.promic.preprodwebsite.fr\/wp-content\/uploads\/2025\/12\/controle-avant-expedition-filtres-dichroiques-1024x683.png\" class=\"attachment-large size-large wp-image-1355\" alt=\"\" srcset=\"https:\/\/glass.promic.preprodwebsite.fr\/wp-content\/uploads\/2025\/12\/controle-avant-expedition-filtres-dichroiques-1024x683.png 1024w, https:\/\/glass.promic.preprodwebsite.fr\/wp-content\/uploads\/2025\/12\/controle-avant-expedition-filtres-dichroiques-300x200.png 300w, https:\/\/glass.promic.preprodwebsite.fr\/wp-content\/uploads\/2025\/12\/controle-avant-expedition-filtres-dichroiques-768x512.png 768w, https:\/\/glass.promic.preprodwebsite.fr\/wp-content\/uploads\/2025\/12\/controle-avant-expedition-filtres-dichroiques-18x12.png 18w, https:\/\/glass.promic.preprodwebsite.fr\/wp-content\/uploads\/2025\/12\/controle-avant-expedition-filtres-dichroiques.png 1536w\" sizes=\"(max-width: 800px) 100vw, 800px\" \/>\t\t\t\t\t\t\t\t\t\t\t\t\t\t\t<\/div>\n\t\t\t\t<\/div>\n\t\t\t\t\t<\/div>\n\t\t\t\t<\/div>\n\t\t<div class=\"elementor-element elementor-element-35a7cb0 e-grid e-con-boxed e-con e-parent\" data-id=\"35a7cb0\" data-element_type=\"container\" data-e-type=\"container\" data-settings=\"{&quot;background_background&quot;:&quot;classic&quot;,&quot;jet_parallax_layout_list&quot;:[],&quot;_ha_eqh_enable&quot;:false}\">\n\t\t\t\t\t<div class=\"e-con-inner\">\n\t\t<div class=\"elementor-element elementor-element-2875c4f e-con-full animated-slow e-flex elementor-invisible e-con e-child\" data-id=\"2875c4f\" data-element_type=\"container\" data-e-type=\"container\" data-settings=\"{&quot;animation&quot;:&quot;fadeInUp&quot;,&quot;animation_delay&quot;:0,&quot;jet_parallax_layout_list&quot;:[],&quot;_ha_eqh_enable&quot;:false}\">\n\t\t\t\t<div class=\"elementor-element elementor-element-eac8cfe elementor-widget elementor-widget-image\" data-id=\"eac8cfe\" data-element_type=\"widget\" data-e-type=\"widget\" data-widget_type=\"image.default\">\n\t\t\t\t\t\t\t\t\t\t\t\t\t\t\t<img decoding=\"async\" width=\"800\" height=\"534\" src=\"https:\/\/glass.promic.preprodwebsite.fr\/wp-content\/uploads\/2026\/01\/accompagnement-projets-optiques-1024x683.png\" class=\"attachment-large size-large wp-image-1575\" alt=\"\" srcset=\"https:\/\/glass.promic.preprodwebsite.fr\/wp-content\/uploads\/2026\/01\/accompagnement-projets-optiques-1024x683.png 1024w, https:\/\/glass.promic.preprodwebsite.fr\/wp-content\/uploads\/2026\/01\/accompagnement-projets-optiques-300x200.png 300w, https:\/\/glass.promic.preprodwebsite.fr\/wp-content\/uploads\/2026\/01\/accompagnement-projets-optiques-768x512.png 768w, https:\/\/glass.promic.preprodwebsite.fr\/wp-content\/uploads\/2026\/01\/accompagnement-projets-optiques-18x12.png 18w, https:\/\/glass.promic.preprodwebsite.fr\/wp-content\/uploads\/2026\/01\/accompagnement-projets-optiques.png 1536w\" sizes=\"(max-width: 800px) 100vw, 800px\" \/>\t\t\t\t\t\t\t\t\t\t\t\t\t\t\t<\/div>\n\t\t\t\t<\/div>\n\t\t<div class=\"elementor-element elementor-element-6200d34 e-con-full e-flex e-con e-child\" data-id=\"6200d34\" data-element_type=\"container\" data-e-type=\"container\" data-settings=\"{&quot;jet_parallax_layout_list&quot;:[],&quot;_ha_eqh_enable&quot;:false}\">\n\t\t<div class=\"elementor-element elementor-element-4f7c818 e-con-full animated-slow e-flex elementor-invisible e-con e-child\" data-id=\"4f7c818\" data-element_type=\"container\" data-e-type=\"container\" data-settings=\"{&quot;animation&quot;:&quot;fadeInUp&quot;,&quot;animation_delay&quot;:200,&quot;jet_parallax_layout_list&quot;:[],&quot;_ha_eqh_enable&quot;:false}\">\n\t\t\t\t<div class=\"elementor-element elementor-element-4d222cc elementor-widget elementor-widget-heading\" data-id=\"4d222cc\" data-element_type=\"widget\" data-e-type=\"widget\" data-widget_type=\"heading.default\">\n\t\t\t\t\t<h2 class=\"elementor-heading-title elementor-size-default\">Technical rigor, flexibility and responsiveness<\/h2>\t\t\t\t<\/div>\n\t\t\t\t<div class=\"elementor-element elementor-element-45acd0e elementor-widget elementor-widget-text-editor\" data-id=\"45acd0e\" data-element_type=\"widget\" data-e-type=\"widget\" data-widget_type=\"text-editor.default\">\n\t\t\t\t\t\t\t\t\t<p style=\"margin: 0cm;\">With over forty years' experience, PROMIC combines technical rigor, flexibility and responsiveness to meet the specific needs of each customer.<\/p><p>\u00a0<\/p><p style=\"margin: 0cm;\">Our human-scale structure enables us to efficiently support our customers' projects, from prototyping to small and medium production runs, by adapting our processes and tools to their needs.<\/p>\t\t\t\t\t\t\t\t<\/div>\n\t\t\t\t<\/div>\n\t\t\t\t<\/div>\n\t\t\t\t\t<\/div>\n\t\t\t\t<\/div>\n\t\t<div class=\"elementor-element elementor-element-9bd5555 e-grid e-con-boxed e-con e-parent\" data-id=\"9bd5555\" data-element_type=\"container\" data-e-type=\"container\" data-settings=\"{&quot;jet_parallax_layout_list&quot;:[],&quot;_ha_eqh_enable&quot;:false}\">\n\t\t\t\t\t<div class=\"e-con-inner\">\n\t\t<div class=\"elementor-element elementor-element-0265f5b e-con-full e-flex e-con e-child\" data-id=\"0265f5b\" data-element_type=\"container\" data-e-type=\"container\" data-settings=\"{&quot;jet_parallax_layout_list&quot;:[],&quot;_ha_eqh_enable&quot;:false}\">\n\t\t<div class=\"elementor-element elementor-element-b288bc5 e-con-full animated-slow e-flex elementor-invisible e-con e-child\" data-id=\"b288bc5\" data-element_type=\"container\" data-e-type=\"container\" data-settings=\"{&quot;animation&quot;:&quot;fadeInUp&quot;,&quot;animation_delay&quot;:200,&quot;jet_parallax_layout_list&quot;:[],&quot;_ha_eqh_enable&quot;:false}\">\n\t\t\t\t<div class=\"elementor-element elementor-element-fe52169 elementor-widget elementor-widget-heading\" data-id=\"fe52169\" data-element_type=\"widget\" data-e-type=\"widget\" data-widget_type=\"heading.default\">\n\t\t\t\t\t<h2 class=\"elementor-heading-title elementor-size-default\">Our fields of application<\/h2>\t\t\t\t<\/div>\n\t\t\t\t<div class=\"elementor-element elementor-element-384d6ba elementor-widget elementor-widget-text-editor\" data-id=\"384d6ba\" data-element_type=\"widget\" data-e-type=\"widget\" data-widget_type=\"text-editor.default\">\n\t\t\t\t\t\t\t\t\t<p>PROMIC products can be found in a wide range of applications <strong>areas of use<\/strong> where mastery of light is essential. We are present in sectors such as <strong>lighting &amp; audiovisual, architecture &amp; design, scientific instrumentation, industry and technical processes,<\/strong> etc.<\/p><p>Our components contribute to technical assemblies requiring reliability, optical performance and long-term stability.<\/p><p>Each project is part of a controlled integration process, designed to meet the optical performance and aesthetic requirements of our customers.<\/p>\t\t\t\t\t\t\t\t<\/div>\n\t\t\t\t<\/div>\n\t\t\t\t<\/div>\n\t\t<div class=\"elementor-element elementor-element-40f52c7 e-con-full animated-slow e-flex elementor-invisible e-con e-child\" data-id=\"40f52c7\" data-element_type=\"container\" data-e-type=\"container\" data-settings=\"{&quot;animation&quot;:&quot;fadeInUp&quot;,&quot;animation_delay&quot;:0,&quot;jet_parallax_layout_list&quot;:[],&quot;_ha_eqh_enable&quot;:false}\">\n\t\t\t\t<div class=\"elementor-element elementor-element-d47bda3 elementor-widget elementor-widget-image\" data-id=\"d47bda3\" data-element_type=\"widget\" data-e-type=\"widget\" data-widget_type=\"image.default\">\n\t\t\t\t\t\t\t\t\t\t\t\t\t\t\t<img decoding=\"async\" width=\"800\" height=\"534\" src=\"https:\/\/glass.promic.preprodwebsite.fr\/wp-content\/uploads\/2026\/01\/composants-optiques-pour-lEclairage-laudiovisuel-lArchitecture-le-design-linstrumentation-scientifique-lindustrie-et-les-procedes-techniques-1024x683.png\" class=\"attachment-large size-large wp-image-1576\" alt=\"\" srcset=\"https:\/\/glass.promic.preprodwebsite.fr\/wp-content\/uploads\/2026\/01\/composants-optiques-pour-lEclairage-laudiovisuel-lArchitecture-le-design-linstrumentation-scientifique-lindustrie-et-les-procedes-techniques-1024x683.png 1024w, https:\/\/glass.promic.preprodwebsite.fr\/wp-content\/uploads\/2026\/01\/composants-optiques-pour-lEclairage-laudiovisuel-lArchitecture-le-design-linstrumentation-scientifique-lindustrie-et-les-procedes-techniques-300x200.png 300w, https:\/\/glass.promic.preprodwebsite.fr\/wp-content\/uploads\/2026\/01\/composants-optiques-pour-lEclairage-laudiovisuel-lArchitecture-le-design-linstrumentation-scientifique-lindustrie-et-les-procedes-techniques-768x512.png 768w, https:\/\/glass.promic.preprodwebsite.fr\/wp-content\/uploads\/2026\/01\/composants-optiques-pour-lEclairage-laudiovisuel-lArchitecture-le-design-linstrumentation-scientifique-lindustrie-et-les-procedes-techniques-18x12.png 18w, https:\/\/glass.promic.preprodwebsite.fr\/wp-content\/uploads\/2026\/01\/composants-optiques-pour-lEclairage-laudiovisuel-lArchitecture-le-design-linstrumentation-scientifique-lindustrie-et-les-procedes-techniques.png 1536w\" sizes=\"(max-width: 800px) 100vw, 800px\" \/>\t\t\t\t\t\t\t\t\t\t\t\t\t\t\t<\/div>\n\t\t\t\t<\/div>\n\t\t\t\t\t<\/div>\n\t\t\t\t<\/div>\n\t\t\t\t<\/div>","protected":false},"excerpt":{"rendered":"<p>Qui sommes-nous ? Promic, un acteur reconnu Fond\u00e9e en 1981, PROMIC d\u00e9marre son activit\u00e9 par la vente de lentilles et de filtres optiques pour les industriels, ainsi que par la conception et la fabrication de mat\u00e9riels destin\u00e9s \u00e0 l\u2019enseignement de l\u2019optique. Au fil des ann\u00e9es, l\u2019entreprise a \u00e9largi son savoir-faire pour devenir un acteur reconnu [&hellip;]<\/p>\n","protected":false},"author":1,"featured_media":0,"parent":0,"menu_order":0,"comment_status":"closed","ping_status":"closed","template":"","meta":{"footnotes":""},"class_list":["post-37","page","type-page","status-publish","hentry"],"yoast_head":"<!-- This site is optimized with the Yoast SEO plugin v26.9 - https:\/\/yoast.com\/product\/yoast-seo-wordpress\/ -->\n<title>Qui sommes-nous - Glass Promic<\/title>\n<meta name=\"robots\" content=\"noindex, follow, max-snippet:-1, max-image-preview:large, max-video-preview:-1\" \/>\n<meta property=\"og:locale\" content=\"en_US\" \/>\n<meta property=\"og:type\" content=\"article\" \/>\n<meta property=\"og:title\" content=\"Qui sommes-nous - Glass Promic\" \/>\n<meta property=\"og:description\" content=\"Qui sommes-nous ? Promic, un acteur reconnu Fond\u00e9e en 1981, PROMIC d\u00e9marre son activit\u00e9 par la vente de lentilles et de filtres optiques pour les industriels, ainsi que par la conception et la fabrication de mat\u00e9riels destin\u00e9s \u00e0 l\u2019enseignement de l\u2019optique. Au fil des ann\u00e9es, l\u2019entreprise a \u00e9largi son savoir-faire pour devenir un acteur reconnu [&hellip;]\" \/>\n<meta property=\"og:url\" content=\"https:\/\/glass.promic.preprodwebsite.fr\/en\/qui-sommes-nous\/\" \/>\n<meta property=\"og:site_name\" content=\"Glass Promic\" \/>\n<meta property=\"article:modified_time\" content=\"2026-01-30T15:09:44+00:00\" \/>\n<meta property=\"og:image\" content=\"https:\/\/glass.promic.preprodwebsite.fr\/wp-content\/uploads\/2025\/12\/controle-avant-expedition-filtres-dichroiques-1024x683.png\" \/>\n<meta name=\"twitter:card\" content=\"summary_large_image\" \/>\n<meta name=\"twitter:label1\" content=\"Est. reading time\" \/>\n\t<meta name=\"twitter:data1\" content=\"2 minutes\" \/>\n<script type=\"application\/ld+json\" class=\"yoast-schema-graph\">{\"@context\":\"https:\/\/schema.org\",\"@graph\":[{\"@type\":\"WebPage\",\"@id\":\"https:\/\/glass.promic.preprodwebsite.fr\/qui-sommes-nous\/\",\"url\":\"https:\/\/glass.promic.preprodwebsite.fr\/qui-sommes-nous\/\",\"name\":\"Qui sommes-nous - Glass Promic\",\"isPartOf\":{\"@id\":\"https:\/\/glass.promic.preprodwebsite.fr\/#website\"},\"primaryImageOfPage\":{\"@id\":\"https:\/\/glass.promic.preprodwebsite.fr\/qui-sommes-nous\/#primaryimage\"},\"image\":{\"@id\":\"https:\/\/glass.promic.preprodwebsite.fr\/qui-sommes-nous\/#primaryimage\"},\"thumbnailUrl\":\"https:\/\/glass.promic.preprodwebsite.fr\/wp-content\/uploads\/2025\/12\/controle-avant-expedition-filtres-dichroiques-1024x683.png\",\"datePublished\":\"2025-09-26T13:51:10+00:00\",\"dateModified\":\"2026-01-30T15:09:44+00:00\",\"breadcrumb\":{\"@id\":\"https:\/\/glass.promic.preprodwebsite.fr\/qui-sommes-nous\/#breadcrumb\"},\"inLanguage\":\"en-US\",\"potentialAction\":[{\"@type\":\"ReadAction\",\"target\":[\"https:\/\/glass.promic.preprodwebsite.fr\/qui-sommes-nous\/\"]}]},{\"@type\":\"ImageObject\",\"inLanguage\":\"en-US\",\"@id\":\"https:\/\/glass.promic.preprodwebsite.fr\/qui-sommes-nous\/#primaryimage\",\"url\":\"https:\/\/glass.promic.preprodwebsite.fr\/wp-content\/uploads\/2025\/12\/controle-avant-expedition-filtres-dichroiques-1024x683.png\",\"contentUrl\":\"https:\/\/glass.promic.preprodwebsite.fr\/wp-content\/uploads\/2025\/12\/controle-avant-expedition-filtres-dichroiques-1024x683.png\"},{\"@type\":\"BreadcrumbList\",\"@id\":\"https:\/\/glass.promic.preprodwebsite.fr\/qui-sommes-nous\/#breadcrumb\",\"itemListElement\":[{\"@type\":\"ListItem\",\"position\":1,\"name\":\"Accueil\",\"item\":\"https:\/\/glass.promic.preprodwebsite.fr\/\"},{\"@type\":\"ListItem\",\"position\":2,\"name\":\"Qui sommes-nous\"}]},{\"@type\":\"WebSite\",\"@id\":\"https:\/\/glass.promic.preprodwebsite.fr\/#website\",\"url\":\"https:\/\/glass.promic.preprodwebsite.fr\/\",\"name\":\"Glass Promic\",\"description\":\"Solutions en verre optique industriel\",\"publisher\":{\"@id\":\"https:\/\/glass.promic.preprodwebsite.fr\/#organization\"},\"potentialAction\":[{\"@type\":\"SearchAction\",\"target\":{\"@type\":\"EntryPoint\",\"urlTemplate\":\"https:\/\/glass.promic.preprodwebsite.fr\/?s={search_term_string}\"},\"query-input\":{\"@type\":\"PropertyValueSpecification\",\"valueRequired\":true,\"valueName\":\"search_term_string\"}}],\"inLanguage\":\"en-US\"},{\"@type\":\"Organization\",\"@id\":\"https:\/\/glass.promic.preprodwebsite.fr\/#organization\",\"name\":\"Glass Promic\",\"url\":\"https:\/\/glass.promic.preprodwebsite.fr\/\",\"logo\":{\"@type\":\"ImageObject\",\"inLanguage\":\"en-US\",\"@id\":\"https:\/\/glass.promic.preprodwebsite.fr\/#\/schema\/logo\/image\/\",\"url\":\"https:\/\/glass.promic.preprodwebsite.fr\/wp-content\/uploads\/2025\/09\/logo.png\",\"contentUrl\":\"https:\/\/glass.promic.preprodwebsite.fr\/wp-content\/uploads\/2025\/09\/logo.png\",\"width\":252,\"height\":59,\"caption\":\"Glass Promic\"},\"image\":{\"@id\":\"https:\/\/glass.promic.preprodwebsite.fr\/#\/schema\/logo\/image\/\"}}]}<\/script>\n<!-- \/ Yoast SEO plugin. -->","yoast_head_json":{"title":"Qui sommes-nous - Glass Promic","robots":{"index":"noindex","follow":"follow","max-snippet":"max-snippet:-1","max-image-preview":"max-image-preview:large","max-video-preview":"max-video-preview:-1"},"og_locale":"en_US","og_type":"article","og_title":"Qui sommes-nous - Glass Promic","og_description":"Qui sommes-nous ? Promic, un acteur reconnu Fond\u00e9e en 1981, PROMIC d\u00e9marre son activit\u00e9 par la vente de lentilles et de filtres optiques pour les industriels, ainsi que par la conception et la fabrication de mat\u00e9riels destin\u00e9s \u00e0 l\u2019enseignement de l\u2019optique. Au fil des ann\u00e9es, l\u2019entreprise a \u00e9largi son savoir-faire pour devenir un acteur reconnu [&hellip;]","og_url":"https:\/\/glass.promic.preprodwebsite.fr\/en\/qui-sommes-nous\/","og_site_name":"Glass Promic","article_modified_time":"2026-01-30T15:09:44+00:00","og_image":[{"url":"https:\/\/glass.promic.preprodwebsite.fr\/wp-content\/uploads\/2025\/12\/controle-avant-expedition-filtres-dichroiques-1024x683.png","type":"","width":"","height":""}],"twitter_card":"summary_large_image","twitter_misc":{"Est. reading time":"2 minutes"},"schema":{"@context":"https:\/\/schema.org","@graph":[{"@type":"WebPage","@id":"https:\/\/glass.promic.preprodwebsite.fr\/qui-sommes-nous\/","url":"https:\/\/glass.promic.preprodwebsite.fr\/qui-sommes-nous\/","name":"Qui sommes-nous - Glass Promic","isPartOf":{"@id":"https:\/\/glass.promic.preprodwebsite.fr\/#website"},"primaryImageOfPage":{"@id":"https:\/\/glass.promic.preprodwebsite.fr\/qui-sommes-nous\/#primaryimage"},"image":{"@id":"https:\/\/glass.promic.preprodwebsite.fr\/qui-sommes-nous\/#primaryimage"},"thumbnailUrl":"https:\/\/glass.promic.preprodwebsite.fr\/wp-content\/uploads\/2025\/12\/controle-avant-expedition-filtres-dichroiques-1024x683.png","datePublished":"2025-09-26T13:51:10+00:00","dateModified":"2026-01-30T15:09:44+00:00","breadcrumb":{"@id":"https:\/\/glass.promic.preprodwebsite.fr\/qui-sommes-nous\/#breadcrumb"},"inLanguage":"en-US","potentialAction":[{"@type":"ReadAction","target":["https:\/\/glass.promic.preprodwebsite.fr\/qui-sommes-nous\/"]}]},{"@type":"ImageObject","inLanguage":"en-US","@id":"https:\/\/glass.promic.preprodwebsite.fr\/qui-sommes-nous\/#primaryimage","url":"https:\/\/glass.promic.preprodwebsite.fr\/wp-content\/uploads\/2025\/12\/controle-avant-expedition-filtres-dichroiques-1024x683.png","contentUrl":"https:\/\/glass.promic.preprodwebsite.fr\/wp-content\/uploads\/2025\/12\/controle-avant-expedition-filtres-dichroiques-1024x683.png"},{"@type":"BreadcrumbList","@id":"https:\/\/glass.promic.preprodwebsite.fr\/qui-sommes-nous\/#breadcrumb","itemListElement":[{"@type":"ListItem","position":1,"name":"Accueil","item":"https:\/\/glass.promic.preprodwebsite.fr\/"},{"@type":"ListItem","position":2,"name":"Qui sommes-nous"}]},{"@type":"WebSite","@id":"https:\/\/glass.promic.preprodwebsite.fr\/#website","url":"https:\/\/glass.promic.preprodwebsite.fr\/","name":"Glass Promic","description":"Solutions en verre optique industriel","publisher":{"@id":"https:\/\/glass.promic.preprodwebsite.fr\/#organization"},"potentialAction":[{"@type":"SearchAction","target":{"@type":"EntryPoint","urlTemplate":"https:\/\/glass.promic.preprodwebsite.fr\/?s={search_term_string}"},"query-input":{"@type":"PropertyValueSpecification","valueRequired":true,"valueName":"search_term_string"}}],"inLanguage":"en-US"},{"@type":"Organization","@id":"https:\/\/glass.promic.preprodwebsite.fr\/#organization","name":"Glass Promic","url":"https:\/\/glass.promic.preprodwebsite.fr\/","logo":{"@type":"ImageObject","inLanguage":"en-US","@id":"https:\/\/glass.promic.preprodwebsite.fr\/#\/schema\/logo\/image\/","url":"https:\/\/glass.promic.preprodwebsite.fr\/wp-content\/uploads\/2025\/09\/logo.png","contentUrl":"https:\/\/glass.promic.preprodwebsite.fr\/wp-content\/uploads\/2025\/09\/logo.png","width":252,"height":59,"caption":"Glass Promic"},"image":{"@id":"https:\/\/glass.promic.preprodwebsite.fr\/#\/schema\/logo\/image\/"}}]}},"_links":{"self":[{"href":"https:\/\/glass.promic.preprodwebsite.fr\/en\/wp-json\/wp\/v2\/pages\/37","targetHints":{"allow":["GET"]}}],"collection":[{"href":"https:\/\/glass.promic.preprodwebsite.fr\/en\/wp-json\/wp\/v2\/pages"}],"about":[{"href":"https:\/\/glass.promic.preprodwebsite.fr\/en\/wp-json\/wp\/v2\/types\/page"}],"author":[{"embeddable":true,"href":"https:\/\/glass.promic.preprodwebsite.fr\/en\/wp-json\/wp\/v2\/users\/1"}],"replies":[{"embeddable":true,"href":"https:\/\/glass.promic.preprodwebsite.fr\/en\/wp-json\/wp\/v2\/comments?post=37"}],"version-history":[{"count":43,"href":"https:\/\/glass.promic.preprodwebsite.fr\/en\/wp-json\/wp\/v2\/pages\/37\/revisions"}],"predecessor-version":[{"id":1702,"href":"https:\/\/glass.promic.preprodwebsite.fr\/en\/wp-json\/wp\/v2\/pages\/37\/revisions\/1702"}],"wp:attachment":[{"href":"https:\/\/glass.promic.preprodwebsite.fr\/en\/wp-json\/wp\/v2\/media?parent=37"}],"curies":[{"name":"wp","href":"https:\/\/api.w.org\/{rel}","templated":true}]}}