{"id":788,"date":"2025-11-03T11:05:43","date_gmt":"2025-11-03T10:05:43","guid":{"rendered":"https:\/\/glass.promic.preprodwebsite.fr\/?page_id=788"},"modified":"2026-01-19T11:06:56","modified_gmt":"2026-01-19T10:06:56","slug":"filtres-de-division","status":"publish","type":"page","link":"https:\/\/glass.promic.preprodwebsite.fr\/en\/composants-optiques\/filtres-optiques\/filtres-de-division\/","title":{"rendered":"Division filters"},"content":{"rendered":"<div data-elementor-type=\"wp-post\" data-elementor-id=\"788\" class=\"elementor elementor-788\" data-elementor-settings=\"{&quot;ha_cmc_init_switcher&quot;:&quot;no&quot;}\" data-elementor-post-type=\"page\">\n\t\t\t\t<div class=\"elementor-element elementor-element-0b3dd88 e-flex e-con-boxed e-con e-parent\" data-id=\"0b3dd88\" data-element_type=\"container\" data-e-type=\"container\" data-settings=\"{&quot;jet_parallax_layout_list&quot;:[],&quot;background_background&quot;:&quot;classic&quot;,&quot;_ha_eqh_enable&quot;:false}\">\n\t\t\t\t\t<div class=\"e-con-inner\">\n\t\t<div class=\"elementor-element elementor-element-fc3d68c e-con-full e-flex e-con e-child\" data-id=\"fc3d68c\" data-element_type=\"container\" data-e-type=\"container\" data-settings=\"{&quot;background_background&quot;:&quot;classic&quot;,&quot;jet_parallax_layout_list&quot;:[],&quot;_ha_eqh_enable&quot;:false}\">\n\t\t\t\t<div class=\"elementor-element elementor-element-65df592 elementor-widget elementor-widget-heading\" data-id=\"65df592\" data-element_type=\"widget\" data-e-type=\"widget\" data-widget_type=\"heading.default\">\n\t\t\t\t\t<h1 class=\"elementor-heading-title elementor-size-default\">Division filters<\/h1>\t\t\t\t<\/div>\n\t\t\t\t<\/div>\n\t\t\t\t\t<\/div>\n\t\t\t\t<\/div>\n\t\t<div class=\"elementor-element elementor-element-2e47cf2 e-flex e-con-boxed e-con e-parent\" data-id=\"2e47cf2\" data-element_type=\"container\" data-e-type=\"container\" data-settings=\"{&quot;jet_parallax_layout_list&quot;:[],&quot;_ha_eqh_enable&quot;:false}\">\n\t\t\t\t\t<div class=\"e-con-inner\">\n\t\t\t\t<div class=\"elementor-element elementor-element-9c662de elementor-widget elementor-widget-breadcrumbs\" data-id=\"9c662de\" data-element_type=\"widget\" data-e-type=\"widget\" data-widget_type=\"breadcrumbs.default\">\n\t\t\t\t\t<p id=\"breadcrumbs\"><span><span><a href=\"https:\/\/glass.promic.preprodwebsite.fr\/en\/\">Home<\/a><\/span><\/span><\/p>\t\t\t\t<\/div>\n\t\t\t\t\t<\/div>\n\t\t\t\t<\/div>\n\t\t<div class=\"elementor-element elementor-element-ccb7a41 e-grid e-con-boxed e-con e-parent\" data-id=\"ccb7a41\" data-element_type=\"container\" data-e-type=\"container\" data-settings=\"{&quot;jet_parallax_layout_list&quot;:[],&quot;_ha_eqh_enable&quot;:false}\">\n\t\t\t\t\t<div class=\"e-con-inner\">\n\t\t<div class=\"elementor-element elementor-element-92650d8 e-con-full e-flex e-con e-child\" data-id=\"92650d8\" data-element_type=\"container\" data-e-type=\"container\" data-settings=\"{&quot;jet_parallax_layout_list&quot;:[],&quot;_ha_eqh_enable&quot;:false}\">\n\t\t<div class=\"elementor-element elementor-element-5c0b500 e-con-full animated-slow e-flex elementor-invisible e-con e-child\" data-id=\"5c0b500\" data-element_type=\"container\" data-e-type=\"container\" data-settings=\"{&quot;animation&quot;:&quot;fadeInLeft&quot;,&quot;animation_delay&quot;:100,&quot;jet_parallax_layout_list&quot;:[],&quot;_ha_eqh_enable&quot;:false}\">\n\t\t\t\t<div class=\"elementor-element elementor-element-24bd63d elementor-widget elementor-widget-heading\" data-id=\"24bd63d\" data-element_type=\"widget\" data-e-type=\"widget\" data-widget_type=\"heading.default\">\n\t\t\t\t\t<h2 class=\"elementor-heading-title elementor-size-default\">Manufacture of dividing filters<\/h2>\t\t\t\t<\/div>\n\t\t\t\t<div class=\"elementor-element elementor-element-12ad8cd elementor-widget elementor-widget-text-editor\" data-id=\"12ad8cd\" data-element_type=\"widget\" data-e-type=\"widget\" data-widget_type=\"text-editor.default\">\n\t\t\t\t\t\t\t\t\t<p>Dividing filters don't filter to block, but to distribute light.<\/p>\t\t\t\t\t\t\t\t<\/div>\n\t\t\t\t<\/div>\n\t\t\t\t<\/div>\n\t\t<div class=\"elementor-element elementor-element-1709248 e-con-full animated-slow e-flex elementor-invisible e-con e-child\" data-id=\"1709248\" data-element_type=\"container\" data-e-type=\"container\" data-settings=\"{&quot;animation&quot;:&quot;fadeInRight&quot;,&quot;animation_delay&quot;:300,&quot;jet_parallax_layout_list&quot;:[],&quot;_ha_eqh_enable&quot;:false}\">\n\t\t\t\t<div class=\"elementor-element elementor-element-b29531c elementor-widget elementor-widget-image\" data-id=\"b29531c\" data-element_type=\"widget\" data-e-type=\"widget\" data-widget_type=\"image.default\">\n\t\t\t\t\t\t\t\t\t\t\t\t\t\t\t<img fetchpriority=\"high\" decoding=\"async\" width=\"800\" height=\"534\" src=\"https:\/\/glass.promic.preprodwebsite.fr\/wp-content\/uploads\/2026\/01\/beam-splitters-1024x683.png\" class=\"attachment-large size-large wp-image-1475\" alt=\"\" srcset=\"https:\/\/glass.promic.preprodwebsite.fr\/wp-content\/uploads\/2026\/01\/beam-splitters-1024x683.png 1024w, https:\/\/glass.promic.preprodwebsite.fr\/wp-content\/uploads\/2026\/01\/beam-splitters-300x200.png 300w, https:\/\/glass.promic.preprodwebsite.fr\/wp-content\/uploads\/2026\/01\/beam-splitters-768x512.png 768w, https:\/\/glass.promic.preprodwebsite.fr\/wp-content\/uploads\/2026\/01\/beam-splitters-18x12.png 18w, https:\/\/glass.promic.preprodwebsite.fr\/wp-content\/uploads\/2026\/01\/beam-splitters.png 1536w\" sizes=\"(max-width: 800px) 100vw, 800px\" \/>\t\t\t\t\t\t\t\t\t\t\t\t\t\t\t<\/div>\n\t\t\t\t<div class=\"elementor-element elementor-element-c25f094 elementor-widget elementor-widget-menu-anchor\" data-id=\"c25f094\" data-element_type=\"widget\" data-e-type=\"widget\" data-widget_type=\"menu-anchor.default\">\n\t\t\t\t\t\t\t<div class=\"elementor-menu-anchor\" id=\"beamsplitter\"><\/div>\n\t\t\t\t\t\t<\/div>\n\t\t\t\t<\/div>\n\t\t\t\t\t<\/div>\n\t\t\t\t<\/div>\n\t\t<div class=\"elementor-element elementor-element-35a7cb0 e-grid e-con-boxed e-con e-parent\" data-id=\"35a7cb0\" data-element_type=\"container\" data-e-type=\"container\" data-settings=\"{&quot;background_background&quot;:&quot;classic&quot;,&quot;jet_parallax_layout_list&quot;:[],&quot;_ha_eqh_enable&quot;:false}\">\n\t\t\t\t\t<div class=\"e-con-inner\">\n\t\t<div class=\"elementor-element elementor-element-2875c4f e-con-full animated-slow e-flex elementor-invisible e-con e-child\" data-id=\"2875c4f\" data-element_type=\"container\" data-e-type=\"container\" data-settings=\"{&quot;animation&quot;:&quot;fadeInUp&quot;,&quot;animation_delay&quot;:0,&quot;jet_parallax_layout_list&quot;:[],&quot;_ha_eqh_enable&quot;:false}\">\n\t\t\t\t<div class=\"elementor-element elementor-element-eac8cfe elementor-widget elementor-widget-image\" data-id=\"eac8cfe\" data-element_type=\"widget\" data-e-type=\"widget\" data-widget_type=\"image.default\">\n\t\t\t\t\t\t\t\t\t\t\t\t\t\t\t<img decoding=\"async\" width=\"800\" height=\"534\" src=\"https:\/\/glass.promic.preprodwebsite.fr\/wp-content\/uploads\/2026\/01\/filtres-optiques-de-division-beam-splitters-1024x683.png\" class=\"attachment-large size-large wp-image-1426\" alt=\"\" srcset=\"https:\/\/glass.promic.preprodwebsite.fr\/wp-content\/uploads\/2026\/01\/filtres-optiques-de-division-beam-splitters-1024x683.png 1024w, https:\/\/glass.promic.preprodwebsite.fr\/wp-content\/uploads\/2026\/01\/filtres-optiques-de-division-beam-splitters-300x200.png 300w, https:\/\/glass.promic.preprodwebsite.fr\/wp-content\/uploads\/2026\/01\/filtres-optiques-de-division-beam-splitters-768x512.png 768w, https:\/\/glass.promic.preprodwebsite.fr\/wp-content\/uploads\/2026\/01\/filtres-optiques-de-division-beam-splitters-18x12.png 18w, https:\/\/glass.promic.preprodwebsite.fr\/wp-content\/uploads\/2026\/01\/filtres-optiques-de-division-beam-splitters.png 1536w\" sizes=\"(max-width: 800px) 100vw, 800px\" \/>\t\t\t\t\t\t\t\t\t\t\t\t\t\t\t<\/div>\n\t\t\t\t<\/div>\n\t\t<div class=\"elementor-element elementor-element-6200d34 e-con-full e-flex e-con e-child\" data-id=\"6200d34\" data-element_type=\"container\" data-e-type=\"container\" data-settings=\"{&quot;jet_parallax_layout_list&quot;:[],&quot;_ha_eqh_enable&quot;:false}\">\n\t\t<div class=\"elementor-element elementor-element-4f7c818 e-con-full animated-slow e-flex elementor-invisible e-con e-child\" data-id=\"4f7c818\" data-element_type=\"container\" data-e-type=\"container\" data-settings=\"{&quot;animation&quot;:&quot;fadeInUp&quot;,&quot;animation_delay&quot;:200,&quot;jet_parallax_layout_list&quot;:[],&quot;_ha_eqh_enable&quot;:false}\">\n\t\t\t\t<div class=\"elementor-element elementor-element-4d222cc elementor-widget elementor-widget-heading\" data-id=\"4d222cc\" data-element_type=\"widget\" data-e-type=\"widget\" data-widget_type=\"heading.default\">\n\t\t\t\t\t<h2 class=\"elementor-heading-title elementor-size-default\">Beam Splitter<\/h2>\t\t\t\t<\/div>\n\t\t\t\t<div class=\"elementor-element elementor-element-45acd0e elementor-widget elementor-widget-text-editor\" data-id=\"45acd0e\" data-element_type=\"widget\" data-e-type=\"widget\" data-widget_type=\"text-editor.default\">\n\t\t\t\t\t\t\t\t\t<p><strong>Beam splitters<\/strong> (beam splitters) divide a light beam into two distinct parts, according to a defined ratio (50\/50, 70\/30, etc.). They are indispensable for imaging, holography, metrology and scientific instruments.<\/p>\t\t\t\t\t\t\t\t<\/div>\n\t\t\t\t<div class=\"elementor-element elementor-element-44511ce elementor-widget elementor-widget-button\" data-id=\"44511ce\" data-element_type=\"widget\" data-e-type=\"widget\" data-widget_type=\"button.default\">\n\t\t\t\t\t\t\t\t\t\t<a class=\"elementor-button elementor-button-link elementor-size-sm\" href=\"\/en\/contact\/\">\n\t\t\t\t\t\t<span class=\"elementor-button-content-wrapper\">\n\t\t\t\t\t\t\t\t\t<span class=\"elementor-button-text\">Request a quote<\/span>\n\t\t\t\t\t<\/span>\n\t\t\t\t\t<\/a>\n\t\t\t\t\t\t\t\t<\/div>\n\t\t\t\t<\/div>\n\t\t\t\t<\/div>\n\t\t\t\t\t<\/div>\n\t\t\t\t<\/div>\n\t\t\t\t<\/div>","protected":false},"excerpt":{"rendered":"<p>Filtres de division Fabrication de filtres de division Les filtres de division ne filtrent pas pour bloquer, mais pour r\u00e9partir la lumi\u00e8re. Beam Splitter Les s\u00e9parateurs de faisceau (beam splitters) divisent un faisceau lumineux en deux parties distinctes, selon un ratio d\u00e9fini (50\/50, 70\/30, etc.). Ils sont indispensables en imagerie, holographie, m\u00e9trologie et instruments scientifiques. [&hellip;]<\/p>\n","protected":false},"author":1,"featured_media":0,"parent":444,"menu_order":0,"comment_status":"closed","ping_status":"closed","template":"","meta":{"footnotes":""},"class_list":["post-788","page","type-page","status-publish","hentry"],"yoast_head":"<!-- This site is optimized with the Yoast SEO plugin v26.9 - https:\/\/yoast.com\/product\/yoast-seo-wordpress\/ -->\n<title>Filtres de division - Glass Promic<\/title>\n<meta name=\"robots\" content=\"noindex, follow, max-snippet:-1, max-image-preview:large, max-video-preview:-1\" \/>\n<meta property=\"og:locale\" content=\"en_US\" \/>\n<meta property=\"og:type\" content=\"article\" \/>\n<meta property=\"og:title\" content=\"Filtres de division - Glass Promic\" \/>\n<meta property=\"og:description\" content=\"Filtres de division Fabrication de filtres de division Les filtres de division ne filtrent pas pour bloquer, mais pour r\u00e9partir la lumi\u00e8re. Beam Splitter Les s\u00e9parateurs de faisceau (beam splitters) divisent un faisceau lumineux en deux parties distinctes, selon un ratio d\u00e9fini (50\/50, 70\/30, etc.). Ils sont indispensables en imagerie, holographie, m\u00e9trologie et instruments scientifiques. [&hellip;]\" \/>\n<meta property=\"og:url\" content=\"https:\/\/glass.promic.preprodwebsite.fr\/en\/composants-optiques\/filtres-optiques\/filtres-de-division\/\" \/>\n<meta property=\"og:site_name\" content=\"Glass Promic\" \/>\n<meta property=\"article:modified_time\" content=\"2026-01-19T10:06:56+00:00\" \/>\n<meta property=\"og:image\" content=\"https:\/\/glass.promic.preprodwebsite.fr\/wp-content\/uploads\/2026\/01\/beam-splitters-1024x683.png\" \/>\n<meta name=\"twitter:card\" content=\"summary_large_image\" \/>\n<meta name=\"twitter:label1\" content=\"Est. reading time\" \/>\n\t<meta name=\"twitter:data1\" content=\"1 minute\" \/>\n<script type=\"application\/ld+json\" class=\"yoast-schema-graph\">{\"@context\":\"https:\/\/schema.org\",\"@graph\":[{\"@type\":\"WebPage\",\"@id\":\"https:\/\/glass.promic.preprodwebsite.fr\/composants-optiques\/filtres-optiques\/filtres-de-division\/\",\"url\":\"https:\/\/glass.promic.preprodwebsite.fr\/composants-optiques\/filtres-optiques\/filtres-de-division\/\",\"name\":\"Filtres de division - Glass Promic\",\"isPartOf\":{\"@id\":\"https:\/\/glass.promic.preprodwebsite.fr\/#website\"},\"primaryImageOfPage\":{\"@id\":\"https:\/\/glass.promic.preprodwebsite.fr\/composants-optiques\/filtres-optiques\/filtres-de-division\/#primaryimage\"},\"image\":{\"@id\":\"https:\/\/glass.promic.preprodwebsite.fr\/composants-optiques\/filtres-optiques\/filtres-de-division\/#primaryimage\"},\"thumbnailUrl\":\"https:\/\/glass.promic.preprodwebsite.fr\/wp-content\/uploads\/2026\/01\/beam-splitters-1024x683.png\",\"datePublished\":\"2025-11-03T10:05:43+00:00\",\"dateModified\":\"2026-01-19T10:06:56+00:00\",\"breadcrumb\":{\"@id\":\"https:\/\/glass.promic.preprodwebsite.fr\/composants-optiques\/filtres-optiques\/filtres-de-division\/#breadcrumb\"},\"inLanguage\":\"en-US\",\"potentialAction\":[{\"@type\":\"ReadAction\",\"target\":[\"https:\/\/glass.promic.preprodwebsite.fr\/composants-optiques\/filtres-optiques\/filtres-de-division\/\"]}]},{\"@type\":\"ImageObject\",\"inLanguage\":\"en-US\",\"@id\":\"https:\/\/glass.promic.preprodwebsite.fr\/composants-optiques\/filtres-optiques\/filtres-de-division\/#primaryimage\",\"url\":\"https:\/\/glass.promic.preprodwebsite.fr\/wp-content\/uploads\/2026\/01\/beam-splitters-1024x683.png\",\"contentUrl\":\"https:\/\/glass.promic.preprodwebsite.fr\/wp-content\/uploads\/2026\/01\/beam-splitters-1024x683.png\"},{\"@type\":\"BreadcrumbList\",\"@id\":\"https:\/\/glass.promic.preprodwebsite.fr\/composants-optiques\/filtres-optiques\/filtres-de-division\/#breadcrumb\",\"itemListElement\":[{\"@type\":\"ListItem\",\"position\":1,\"name\":\"Accueil\",\"item\":\"https:\/\/glass.promic.preprodwebsite.fr\/\"},{\"@type\":\"ListItem\",\"position\":2,\"name\":\"Composants optiques\",\"item\":\"https:\/\/glass.promic.preprodwebsite.fr\/composants-optiques\/\"},{\"@type\":\"ListItem\",\"position\":3,\"name\":\"Filtres optiques\",\"item\":\"https:\/\/glass.promic.preprodwebsite.fr\/composants-optiques\/filtres-optiques\/\"},{\"@type\":\"ListItem\",\"position\":4,\"name\":\"Filtres de division\"}]},{\"@type\":\"WebSite\",\"@id\":\"https:\/\/glass.promic.preprodwebsite.fr\/#website\",\"url\":\"https:\/\/glass.promic.preprodwebsite.fr\/\",\"name\":\"Glass Promic\",\"description\":\"Solutions en verre optique industriel\",\"publisher\":{\"@id\":\"https:\/\/glass.promic.preprodwebsite.fr\/#organization\"},\"potentialAction\":[{\"@type\":\"SearchAction\",\"target\":{\"@type\":\"EntryPoint\",\"urlTemplate\":\"https:\/\/glass.promic.preprodwebsite.fr\/?s={search_term_string}\"},\"query-input\":{\"@type\":\"PropertyValueSpecification\",\"valueRequired\":true,\"valueName\":\"search_term_string\"}}],\"inLanguage\":\"en-US\"},{\"@type\":\"Organization\",\"@id\":\"https:\/\/glass.promic.preprodwebsite.fr\/#organization\",\"name\":\"Glass Promic\",\"url\":\"https:\/\/glass.promic.preprodwebsite.fr\/\",\"logo\":{\"@type\":\"ImageObject\",\"inLanguage\":\"en-US\",\"@id\":\"https:\/\/glass.promic.preprodwebsite.fr\/#\/schema\/logo\/image\/\",\"url\":\"https:\/\/glass.promic.preprodwebsite.fr\/wp-content\/uploads\/2025\/09\/logo.png\",\"contentUrl\":\"https:\/\/glass.promic.preprodwebsite.fr\/wp-content\/uploads\/2025\/09\/logo.png\",\"width\":252,\"height\":59,\"caption\":\"Glass Promic\"},\"image\":{\"@id\":\"https:\/\/glass.promic.preprodwebsite.fr\/#\/schema\/logo\/image\/\"}}]}<\/script>\n<!-- \/ Yoast SEO plugin. -->","yoast_head_json":{"title":"Filtres de division - Glass Promic","robots":{"index":"noindex","follow":"follow","max-snippet":"max-snippet:-1","max-image-preview":"max-image-preview:large","max-video-preview":"max-video-preview:-1"},"og_locale":"en_US","og_type":"article","og_title":"Filtres de division - Glass Promic","og_description":"Filtres de division Fabrication de filtres de division Les filtres de division ne filtrent pas pour bloquer, mais pour r\u00e9partir la lumi\u00e8re. Beam Splitter Les s\u00e9parateurs de faisceau (beam splitters) divisent un faisceau lumineux en deux parties distinctes, selon un ratio d\u00e9fini (50\/50, 70\/30, etc.). Ils sont indispensables en imagerie, holographie, m\u00e9trologie et instruments scientifiques. [&hellip;]","og_url":"https:\/\/glass.promic.preprodwebsite.fr\/en\/composants-optiques\/filtres-optiques\/filtres-de-division\/","og_site_name":"Glass Promic","article_modified_time":"2026-01-19T10:06:56+00:00","og_image":[{"url":"https:\/\/glass.promic.preprodwebsite.fr\/wp-content\/uploads\/2026\/01\/beam-splitters-1024x683.png","type":"","width":"","height":""}],"twitter_card":"summary_large_image","twitter_misc":{"Est. reading time":"1 minute"},"schema":{"@context":"https:\/\/schema.org","@graph":[{"@type":"WebPage","@id":"https:\/\/glass.promic.preprodwebsite.fr\/composants-optiques\/filtres-optiques\/filtres-de-division\/","url":"https:\/\/glass.promic.preprodwebsite.fr\/composants-optiques\/filtres-optiques\/filtres-de-division\/","name":"Filtres de division - Glass Promic","isPartOf":{"@id":"https:\/\/glass.promic.preprodwebsite.fr\/#website"},"primaryImageOfPage":{"@id":"https:\/\/glass.promic.preprodwebsite.fr\/composants-optiques\/filtres-optiques\/filtres-de-division\/#primaryimage"},"image":{"@id":"https:\/\/glass.promic.preprodwebsite.fr\/composants-optiques\/filtres-optiques\/filtres-de-division\/#primaryimage"},"thumbnailUrl":"https:\/\/glass.promic.preprodwebsite.fr\/wp-content\/uploads\/2026\/01\/beam-splitters-1024x683.png","datePublished":"2025-11-03T10:05:43+00:00","dateModified":"2026-01-19T10:06:56+00:00","breadcrumb":{"@id":"https:\/\/glass.promic.preprodwebsite.fr\/composants-optiques\/filtres-optiques\/filtres-de-division\/#breadcrumb"},"inLanguage":"en-US","potentialAction":[{"@type":"ReadAction","target":["https:\/\/glass.promic.preprodwebsite.fr\/composants-optiques\/filtres-optiques\/filtres-de-division\/"]}]},{"@type":"ImageObject","inLanguage":"en-US","@id":"https:\/\/glass.promic.preprodwebsite.fr\/composants-optiques\/filtres-optiques\/filtres-de-division\/#primaryimage","url":"https:\/\/glass.promic.preprodwebsite.fr\/wp-content\/uploads\/2026\/01\/beam-splitters-1024x683.png","contentUrl":"https:\/\/glass.promic.preprodwebsite.fr\/wp-content\/uploads\/2026\/01\/beam-splitters-1024x683.png"},{"@type":"BreadcrumbList","@id":"https:\/\/glass.promic.preprodwebsite.fr\/composants-optiques\/filtres-optiques\/filtres-de-division\/#breadcrumb","itemListElement":[{"@type":"ListItem","position":1,"name":"Accueil","item":"https:\/\/glass.promic.preprodwebsite.fr\/"},{"@type":"ListItem","position":2,"name":"Composants optiques","item":"https:\/\/glass.promic.preprodwebsite.fr\/composants-optiques\/"},{"@type":"ListItem","position":3,"name":"Filtres optiques","item":"https:\/\/glass.promic.preprodwebsite.fr\/composants-optiques\/filtres-optiques\/"},{"@type":"ListItem","position":4,"name":"Filtres de division"}]},{"@type":"WebSite","@id":"https:\/\/glass.promic.preprodwebsite.fr\/#website","url":"https:\/\/glass.promic.preprodwebsite.fr\/","name":"Glass Promic","description":"Solutions en verre optique industriel","publisher":{"@id":"https:\/\/glass.promic.preprodwebsite.fr\/#organization"},"potentialAction":[{"@type":"SearchAction","target":{"@type":"EntryPoint","urlTemplate":"https:\/\/glass.promic.preprodwebsite.fr\/?s={search_term_string}"},"query-input":{"@type":"PropertyValueSpecification","valueRequired":true,"valueName":"search_term_string"}}],"inLanguage":"en-US"},{"@type":"Organization","@id":"https:\/\/glass.promic.preprodwebsite.fr\/#organization","name":"Glass Promic","url":"https:\/\/glass.promic.preprodwebsite.fr\/","logo":{"@type":"ImageObject","inLanguage":"en-US","@id":"https:\/\/glass.promic.preprodwebsite.fr\/#\/schema\/logo\/image\/","url":"https:\/\/glass.promic.preprodwebsite.fr\/wp-content\/uploads\/2025\/09\/logo.png","contentUrl":"https:\/\/glass.promic.preprodwebsite.fr\/wp-content\/uploads\/2025\/09\/logo.png","width":252,"height":59,"caption":"Glass Promic"},"image":{"@id":"https:\/\/glass.promic.preprodwebsite.fr\/#\/schema\/logo\/image\/"}}]}},"_links":{"self":[{"href":"https:\/\/glass.promic.preprodwebsite.fr\/en\/wp-json\/wp\/v2\/pages\/788","targetHints":{"allow":["GET"]}}],"collection":[{"href":"https:\/\/glass.promic.preprodwebsite.fr\/en\/wp-json\/wp\/v2\/pages"}],"about":[{"href":"https:\/\/glass.promic.preprodwebsite.fr\/en\/wp-json\/wp\/v2\/types\/page"}],"author":[{"embeddable":true,"href":"https:\/\/glass.promic.preprodwebsite.fr\/en\/wp-json\/wp\/v2\/users\/1"}],"replies":[{"embeddable":true,"href":"https:\/\/glass.promic.preprodwebsite.fr\/en\/wp-json\/wp\/v2\/comments?post=788"}],"version-history":[{"count":13,"href":"https:\/\/glass.promic.preprodwebsite.fr\/en\/wp-json\/wp\/v2\/pages\/788\/revisions"}],"predecessor-version":[{"id":1492,"href":"https:\/\/glass.promic.preprodwebsite.fr\/en\/wp-json\/wp\/v2\/pages\/788\/revisions\/1492"}],"up":[{"embeddable":true,"href":"https:\/\/glass.promic.preprodwebsite.fr\/en\/wp-json\/wp\/v2\/pages\/444"}],"wp:attachment":[{"href":"https:\/\/glass.promic.preprodwebsite.fr\/en\/wp-json\/wp\/v2\/media?parent=788"}],"curies":[{"name":"wp","href":"https:\/\/api.w.org\/{rel}","templated":true}]}}