{"id":839,"date":"2025-11-03T12:00:19","date_gmt":"2025-11-03T11:00:19","guid":{"rendered":"https:\/\/glass.promic.preprodwebsite.fr\/?page_id=839"},"modified":"2025-12-07T09:30:28","modified_gmt":"2025-12-07T08:30:28","slug":"contact","status":"publish","type":"page","link":"https:\/\/glass.promic.preprodwebsite.fr\/en\/contact\/","title":{"rendered":"Contact"},"content":{"rendered":"\t\t<div data-elementor-type=\"wp-post\" data-elementor-id=\"839\" class=\"elementor elementor-839\" data-elementor-settings=\"{&quot;ha_cmc_init_switcher&quot;:&quot;no&quot;}\" data-elementor-post-type=\"page\">\n\t\t\t\t<div class=\"elementor-element elementor-element-0b3dd88 e-flex e-con-boxed e-con e-parent\" data-id=\"0b3dd88\" data-element_type=\"container\" data-e-type=\"container\" data-settings=\"{&quot;jet_parallax_layout_list&quot;:[],&quot;background_background&quot;:&quot;classic&quot;,&quot;_ha_eqh_enable&quot;:false}\">\n\t\t\t\t\t<div class=\"e-con-inner\">\n\t\t<div class=\"elementor-element elementor-element-fc3d68c e-con-full e-flex e-con e-child\" data-id=\"fc3d68c\" data-element_type=\"container\" data-e-type=\"container\" data-settings=\"{&quot;background_background&quot;:&quot;classic&quot;,&quot;jet_parallax_layout_list&quot;:[],&quot;_ha_eqh_enable&quot;:false}\">\n\t\t\t\t<div class=\"elementor-element elementor-element-65df592 elementor-widget elementor-widget-heading\" data-id=\"65df592\" data-element_type=\"widget\" data-e-type=\"widget\" data-widget_type=\"heading.default\">\n\t\t\t\t\t<h1 class=\"elementor-heading-title elementor-size-default\">Nous contacter<\/h1>\t\t\t\t<\/div>\n\t\t\t\t<\/div>\n\t\t\t\t\t<\/div>\n\t\t\t\t<\/div>\n\t\t<div class=\"elementor-element elementor-element-629134a e-grid e-con-boxed e-con e-parent\" data-id=\"629134a\" data-element_type=\"container\" data-e-type=\"container\" data-settings=\"{&quot;jet_parallax_layout_list&quot;:[],&quot;_ha_eqh_enable&quot;:false}\">\n\t\t\t\t\t<div class=\"e-con-inner\">\n\t\t<div class=\"elementor-element elementor-element-7a34056 e-con-full e-flex e-con e-child\" data-id=\"7a34056\" data-element_type=\"container\" data-e-type=\"container\" data-settings=\"{&quot;jet_parallax_layout_list&quot;:[],&quot;_ha_eqh_enable&quot;:false}\">\n\t\t\t\t<div class=\"elementor-element elementor-element-626234f elementor-widget elementor-widget-heading\" data-id=\"626234f\" data-element_type=\"widget\" data-e-type=\"widget\" data-widget_type=\"heading.default\">\n\t\t\t\t\t<h2 class=\"elementor-heading-title elementor-size-default\">Un besoin, une question,<br \/>une demande ?<\/h2>\t\t\t\t<\/div>\n\t\t\t\t<div class=\"elementor-element elementor-element-73cc92d elementor-widget elementor-widget-text-editor\" data-id=\"73cc92d\" data-element_type=\"widget\" data-e-type=\"widget\" data-widget_type=\"text-editor.default\">\n\t\t\t\t\t\t\t\t\t<p>N&rsquo;h\u00e9sitez pas \u00e0 nous contacter, nous vous r\u00e9pondrons dans les plus brefs d\u00e9lais.<\/p>\t\t\t\t\t\t\t\t<\/div>\n\t\t\t\t<div class=\"elementor-element elementor-element-6bad20f elementor-hidden-tablet elementor-widget elementor-widget-image\" data-id=\"6bad20f\" data-element_type=\"widget\" data-e-type=\"widget\" data-widget_type=\"image.default\">\n\t\t\t\t\t\t\t\t\t\t\t\t\t\t\t<img fetchpriority=\"high\" decoding=\"async\" width=\"800\" height=\"309\" src=\"https:\/\/glass.promic.preprodwebsite.fr\/wp-content\/uploads\/2025\/09\/slide-1024x395.webp\" class=\"attachment-large size-large wp-image-62\" alt=\"\" srcset=\"https:\/\/glass.promic.preprodwebsite.fr\/wp-content\/uploads\/2025\/09\/slide-1024x395.webp 1024w, https:\/\/glass.promic.preprodwebsite.fr\/wp-content\/uploads\/2025\/09\/slide-300x116.webp 300w, https:\/\/glass.promic.preprodwebsite.fr\/wp-content\/uploads\/2025\/09\/slide-768x296.webp 768w, https:\/\/glass.promic.preprodwebsite.fr\/wp-content\/uploads\/2025\/09\/slide.webp 1140w\" sizes=\"(max-width: 800px) 100vw, 800px\" \/>\t\t\t\t\t\t\t\t\t\t\t\t\t\t\t<\/div>\n\t\t\t\t<\/div>\n\t\t<div class=\"elementor-element elementor-element-8437793 e-con-full e-flex e-con e-child\" data-id=\"8437793\" data-element_type=\"container\" data-e-type=\"container\" data-settings=\"{&quot;jet_parallax_layout_list&quot;:[],&quot;_ha_eqh_enable&quot;:false}\">\n\t\t\t\t<div class=\"elementor-element elementor-element-a05faa0 elementor-button-align-stretch elementor-widget elementor-widget-form\" data-id=\"a05faa0\" data-element_type=\"widget\" data-e-type=\"widget\" data-settings=\"{&quot;button_width&quot;:&quot;40&quot;,&quot;step_next_label&quot;:&quot;Suivant&quot;,&quot;step_previous_label&quot;:&quot;Pr\\u00e9c\\u00e9dent&quot;,&quot;step_type&quot;:&quot;number_text&quot;,&quot;step_icon_shape&quot;:&quot;circle&quot;}\" data-widget_type=\"form.default\">\n\t\t\t\t\t\t\t<form class=\"elementor-form\" method=\"post\" name=\"Nouveau formulaire\" aria-label=\"Nouveau formulaire\">\n\t\t\t<input type=\"hidden\" name=\"post_id\" value=\"839\"\/>\n\t\t\t<input type=\"hidden\" name=\"form_id\" value=\"a05faa0\"\/>\n\t\t\t<input type=\"hidden\" name=\"referer_title\" value=\"Contact - Glass Promic\" \/>\n\n\t\t\t\t\t\t\t<input type=\"hidden\" name=\"queried_id\" value=\"839\"\/>\n\t\t\t\n\t\t\t<div class=\"elementor-form-fields-wrapper elementor-labels-above\">\n\t\t\t\t\t\t\t\t<div class=\"elementor-field-type-text elementor-field-group elementor-column elementor-field-group-name elementor-col-50 elementor-field-required elementor-mark-required\">\n\t\t\t\t\t\t\t\t\t\t\t\t<label for=\"form-field-name\" class=\"elementor-field-label\">\n\t\t\t\t\t\t\t\tPr\u00e9nom\t\t\t\t\t\t\t<\/label>\n\t\t\t\t\t\t\t\t\t\t\t\t\t\t<input size=\"1\" type=\"text\" name=\"form_fields[name]\" id=\"form-field-name\" class=\"elementor-field elementor-size-sm  elementor-field-textual\" placeholder=\"Pr\u00e9nom\" required=\"required\">\n\t\t\t\t\t\t\t\t\t\t\t<\/div>\n\t\t\t\t\t\t\t\t<div class=\"elementor-field-type-text elementor-field-group elementor-column elementor-field-group-field_2a178b5 elementor-col-50 elementor-field-required elementor-mark-required\">\n\t\t\t\t\t\t\t\t\t\t\t\t<label for=\"form-field-field_2a178b5\" class=\"elementor-field-label\">\n\t\t\t\t\t\t\t\tNom\t\t\t\t\t\t\t<\/label>\n\t\t\t\t\t\t\t\t\t\t\t\t\t\t<input size=\"1\" type=\"text\" name=\"form_fields[field_2a178b5]\" id=\"form-field-field_2a178b5\" class=\"elementor-field elementor-size-sm  elementor-field-textual\" placeholder=\"Nom\" required=\"required\">\n\t\t\t\t\t\t\t\t\t\t\t<\/div>\n\t\t\t\t\t\t\t\t<div class=\"elementor-field-type-tel elementor-field-group elementor-column elementor-field-group-field_c53ee1d elementor-col-50 elementor-field-required elementor-mark-required\">\n\t\t\t\t\t\t\t\t\t\t\t\t<label for=\"form-field-field_c53ee1d\" class=\"elementor-field-label\">\n\t\t\t\t\t\t\t\tT\u00e9l\u00e9phone\t\t\t\t\t\t\t<\/label>\n\t\t\t\t\t\t\t\t<input size=\"1\" type=\"tel\" name=\"form_fields[field_c53ee1d]\" id=\"form-field-field_c53ee1d\" class=\"elementor-field elementor-size-sm  elementor-field-textual\" placeholder=\"T\u00e9l\u00e9phone\" required=\"required\" pattern=\"[0-9()#&amp;+*-=.]+\" title=\"Seuls les caract\u00e8res de num\u00e9ros de t\u00e9l\u00e9phone (#, -, *, etc.) sont accept\u00e9s.\">\n\n\t\t\t\t\t\t<\/div>\n\t\t\t\t\t\t\t\t<div class=\"elementor-field-type-email elementor-field-group elementor-column elementor-field-group-email elementor-col-50 elementor-field-required elementor-mark-required\">\n\t\t\t\t\t\t\t\t\t\t\t\t<label for=\"form-field-email\" class=\"elementor-field-label\">\n\t\t\t\t\t\t\t\tEmail\t\t\t\t\t\t\t<\/label>\n\t\t\t\t\t\t\t\t\t\t\t\t\t\t<input size=\"1\" type=\"email\" name=\"form_fields[email]\" id=\"form-field-email\" class=\"elementor-field elementor-size-sm  elementor-field-textual\" placeholder=\"E-mail\" required=\"required\">\n\t\t\t\t\t\t\t\t\t\t\t<\/div>\n\t\t\t\t\t\t\t\t<div class=\"elementor-field-type-text elementor-field-group elementor-column elementor-field-group-field_3e3d579 elementor-col-50\">\n\t\t\t\t\t\t\t\t\t\t\t\t<label for=\"form-field-field_3e3d579\" class=\"elementor-field-label\">\n\t\t\t\t\t\t\t\tSoci\u00e9t\u00e9\t\t\t\t\t\t\t<\/label>\n\t\t\t\t\t\t\t\t\t\t\t\t\t\t<input size=\"1\" type=\"text\" name=\"form_fields[field_3e3d579]\" id=\"form-field-field_3e3d579\" class=\"elementor-field elementor-size-sm  elementor-field-textual\" placeholder=\"Soci\u00e9t\u00e9\">\n\t\t\t\t\t\t\t\t\t\t\t<\/div>\n\t\t\t\t\t\t\t\t<div class=\"elementor-field-type-upload elementor-field-group elementor-column elementor-field-group-field_d62a504 elementor-col-50\">\n\t\t\t\t\t\t\t\t\t\t\t\t<label for=\"form-field-field_d62a504\" class=\"elementor-field-label\">\n\t\t\t\t\t\t\t\tTransmettre un fichier\t\t\t\t\t\t\t<\/label>\n\t\t\t\t\t\t\t\t<input type=\"file\" name=\"form_fields[field_d62a504]\" id=\"form-field-field_d62a504\" class=\"elementor-field elementor-size-sm  elementor-upload-field\" data-maxsize=\"20\" data-maxsize-message=\"Ce fichier d\u00e9passe la taille maximale autoris\u00e9e.\">\n\n\t\t\t\t\t\t<\/div>\n\t\t\t\t\t\t\t\t<div class=\"elementor-field-type-textarea elementor-field-group elementor-column elementor-field-group-message elementor-col-100 elementor-field-required elementor-mark-required\">\n\t\t\t\t\t\t\t\t\t\t\t\t<label for=\"form-field-message\" class=\"elementor-field-label\">\n\t\t\t\t\t\t\t\tMessage\t\t\t\t\t\t\t<\/label>\n\t\t\t\t\t\t<textarea class=\"elementor-field-textual elementor-field  elementor-size-sm\" name=\"form_fields[message]\" id=\"form-field-message\" rows=\"6\" placeholder=\"Message\" required=\"required\"><\/textarea>\t\t\t\t<\/div>\n\t\t\t\t\t\t\t\t<div class=\"elementor-field-group elementor-column elementor-field-type-submit elementor-col-40 e-form__buttons\">\n\t\t\t\t\t<button class=\"elementor-button elementor-size-sm\" type=\"submit\">\n\t\t\t\t\t\t<span class=\"elementor-button-content-wrapper\">\n\t\t\t\t\t\t\t\t\t\t\t\t\t\t\t\t\t\t\t\t\t\t<span class=\"elementor-button-text\">Valider et transmettre<\/span>\n\t\t\t\t\t\t\t\t\t\t\t\t\t<\/span>\n\t\t\t\t\t<\/button>\n\t\t\t\t<\/div>\n\t\t\t<\/div>\n\t\t<\/form>\n\t\t\t\t\t\t<\/div>\n\t\t\t\t<\/div>\n\t\t\t\t\t<\/div>\n\t\t\t\t<\/div>\n\t\t<div class=\"elementor-element elementor-element-3e9dc6a e-flex e-con-boxed e-con e-parent\" data-id=\"3e9dc6a\" data-element_type=\"container\" data-e-type=\"container\" data-settings=\"{&quot;jet_parallax_layout_list&quot;:[],&quot;background_background&quot;:&quot;classic&quot;,&quot;_ha_eqh_enable&quot;:false}\">\n\t\t\t\t\t<div class=\"e-con-inner\">\n\t\t\t\t<div class=\"elementor-element elementor-element-9c8d35b elementor-widget elementor-widget-heading\" data-id=\"9c8d35b\" data-element_type=\"widget\" data-e-type=\"widget\" data-widget_type=\"heading.default\">\n\t\t\t\t\t<h2 class=\"elementor-heading-title elementor-size-default\">Contact &amp; coordonn\u00e9es<\/h2>\t\t\t\t<\/div>\n\t\t<div class=\"elementor-element elementor-element-33522b2 e-con-full e-grid e-con e-child\" data-id=\"33522b2\" data-element_type=\"container\" data-e-type=\"container\" data-settings=\"{&quot;jet_parallax_layout_list&quot;:[],&quot;_ha_eqh_enable&quot;:false}\">\n\t\t<div class=\"elementor-element elementor-element-4ecdffc e-con-full e-flex e-con e-child\" data-id=\"4ecdffc\" data-element_type=\"container\" data-e-type=\"container\" data-settings=\"{&quot;jet_parallax_layout_list&quot;:[],&quot;_ha_eqh_enable&quot;:false}\">\n\t\t\t\t<div class=\"elementor-element elementor-element-d1eda55 elementor-widget elementor-widget-heading\" data-id=\"d1eda55\" data-element_type=\"widget\" data-e-type=\"widget\" data-widget_type=\"heading.default\">\n\t\t\t\t\t<h2 class=\"elementor-heading-title elementor-size-default\">Soci\u00e9t\u00e9 :<\/h2>\t\t\t\t<\/div>\n\t\t\t\t<div class=\"elementor-element elementor-element-6c4817e elementor-widget elementor-widget-text-editor\" data-id=\"6c4817e\" data-element_type=\"widget\" data-e-type=\"widget\" data-widget_type=\"text-editor.default\">\n\t\t\t\t\t\t\t\t\t<p>PROMIC<\/p>\t\t\t\t\t\t\t\t<\/div>\n\t\t\t\t<div class=\"elementor-element elementor-element-dc057ec elementor-widget elementor-widget-heading\" data-id=\"dc057ec\" data-element_type=\"widget\" data-e-type=\"widget\" data-widget_type=\"heading.default\">\n\t\t\t\t\t<h2 class=\"elementor-heading-title elementor-size-default\">Adresse :<\/h2>\t\t\t\t<\/div>\n\t\t\t\t<div class=\"elementor-element elementor-element-7119038 elementor-widget elementor-widget-text-editor\" data-id=\"7119038\" data-element_type=\"widget\" data-e-type=\"widget\" data-widget_type=\"text-editor.default\">\n\t\t\t\t\t\t\t\t\t<p>2 All\u00e9e Galil\u00e9e<br \/>Z.I. STELYTEC\u202842400 Saint-Chamond<\/p>\t\t\t\t\t\t\t\t<\/div>\n\t\t\t\t<div class=\"elementor-element elementor-element-0aae5f4 elementor-widget elementor-widget-heading\" data-id=\"0aae5f4\" data-element_type=\"widget\" data-e-type=\"widget\" data-widget_type=\"heading.default\">\n\t\t\t\t\t<h2 class=\"elementor-heading-title elementor-size-default\">T\u00e9l\u00e9phone :<\/h2>\t\t\t\t<\/div>\n\t\t\t\t<div class=\"elementor-element elementor-element-8ae7a9e elementor-widget elementor-widget-text-editor\" data-id=\"8ae7a9e\" data-element_type=\"widget\" data-e-type=\"widget\" data-widget_type=\"text-editor.default\">\n\t\t\t\t\t\t\t\t\t<p>33(0)4 77 475 274<\/p>\t\t\t\t\t\t\t\t<\/div>\n\t\t\t\t<div class=\"elementor-element elementor-element-0a1c951 elementor-widget elementor-widget-heading\" data-id=\"0a1c951\" data-element_type=\"widget\" data-e-type=\"widget\" data-widget_type=\"heading.default\">\n\t\t\t\t\t<h2 class=\"elementor-heading-title elementor-size-default\">Adresse email<\/h2>\t\t\t\t<\/div>\n\t\t\t\t<div class=\"elementor-element elementor-element-17c3a72 elementor-widget elementor-widget-text-editor\" data-id=\"17c3a72\" data-element_type=\"widget\" data-e-type=\"widget\" data-widget_type=\"text-editor.default\">\n\t\t\t\t\t\t\t\t\t<a href=\"mailto:commercial@promic.fr\" style=\"color: #1a1a1a;\">commercial@promic.fr<\/a>\n\t\t\t\t\t\t\t\t<\/div>\n\t\t\t\t<\/div>\n\t\t<div class=\"elementor-element elementor-element-1debc40 e-con-full e-flex e-con e-child\" data-id=\"1debc40\" data-element_type=\"container\" data-e-type=\"container\" data-settings=\"{&quot;jet_parallax_layout_list&quot;:[],&quot;_ha_eqh_enable&quot;:false}\">\n\t\t<div class=\"elementor-element elementor-element-457cf29 e-con-full e-flex e-con e-child\" data-id=\"457cf29\" data-element_type=\"container\" data-e-type=\"container\" data-settings=\"{&quot;jet_parallax_layout_list&quot;:[],&quot;_ha_eqh_enable&quot;:false}\">\n\t\t\t\t<div class=\"elementor-element elementor-element-e5ef218 elementor-widget elementor-widget-google_maps\" data-id=\"e5ef218\" data-element_type=\"widget\" data-e-type=\"widget\" data-widget_type=\"google_maps.default\">\n\t\t\t\t\t\t\t<div class=\"elementor-custom-embed\">\n\t\t\t<iframe loading=\"lazy\"\n\t\t\t\t\tsrc=\"https:\/\/maps.google.com\/maps?q=2%20All%C3%A9e%20Galil%C3%A9e%E2%80%A842400%20Saint-Chamond&#038;t=m&#038;z=12&#038;output=embed&#038;iwloc=near\"\n\t\t\t\t\ttitle=\"2 All\u00e9e Galil\u00e9e\u202842400 Saint-Chamond\"\n\t\t\t\t\taria-label=\"2 All\u00e9e Galil\u00e9e\u202842400 Saint-Chamond\"\n\t\t\t><\/iframe>\n\t\t<\/div>\n\t\t\t\t\t\t<\/div>\n\t\t\t\t<\/div>\n\t\t\t\t<div class=\"elementor-element elementor-element-b983595 elementor-widget elementor-widget-heading\" data-id=\"b983595\" data-element_type=\"widget\" data-e-type=\"widget\" data-widget_type=\"heading.default\">\n\t\t\t\t\t<h2 class=\"elementor-heading-title elementor-size-default\">Horaires d'ouverture :<\/h2>\t\t\t\t<\/div>\n\t\t\t\t<div class=\"elementor-element elementor-element-f438a75 elementor-widget elementor-widget-text-editor\" data-id=\"f438a75\" data-element_type=\"widget\" data-e-type=\"widget\" data-widget_type=\"text-editor.default\">\n\t\t\t\t\t\t\t\t\t<p>Lundi au jeudi : 08h30 &#8211; 17h00<\/p><p>Vendredi : 8h30 &#8211; 12h30<\/p>\t\t\t\t\t\t\t\t<\/div>\n\t\t\t\t<div class=\"elementor-element elementor-element-7a9a826 elementor-widget elementor-widget-text-editor\" data-id=\"7a9a826\" data-element_type=\"widget\" data-e-type=\"widget\" data-widget_type=\"text-editor.default\">\n\t\t\t\t\t\t\t\t\t<p>Samedi &#8211; Dimanche : Ferm\u00e9<\/p>\t\t\t\t\t\t\t\t<\/div>\n\t\t\t\t<\/div>\n\t\t\t\t<\/div>\n\t\t\t\t\t<\/div>\n\t\t\t\t<\/div>\n\t\t\t\t<\/div>\n\t\t","protected":false},"excerpt":{"rendered":"<p>Nous contacter Un besoin, une question,une demande ? N&rsquo;h\u00e9sitez pas \u00e0 nous contacter, nous vous r\u00e9pondrons dans les plus brefs d\u00e9lais. Contact &amp; coordonn\u00e9es Soci\u00e9t\u00e9 : PROMIC Adresse : 2 All\u00e9e Galil\u00e9eZ.I. STELYTEC\u202842400 Saint-Chamond T\u00e9l\u00e9phone : 33(0)4 77 475 274 Adresse email commercial@promic.fr Horaires d&rsquo;ouverture : Lundi au jeudi : 08h30 &#8211; 17h00 Vendredi : [&hellip;]<\/p>\n","protected":false},"author":1,"featured_media":0,"parent":0,"menu_order":0,"comment_status":"closed","ping_status":"closed","template":"","meta":{"footnotes":""},"class_list":["post-839","page","type-page","status-publish","hentry"],"yoast_head":"<!-- This site is optimized with the Yoast SEO plugin v26.9 - https:\/\/yoast.com\/product\/yoast-seo-wordpress\/ -->\n<title>Contact - Glass Promic<\/title>\n<meta name=\"robots\" content=\"noindex, follow, max-snippet:-1, max-image-preview:large, max-video-preview:-1\" \/>\n<meta property=\"og:locale\" content=\"en_US\" \/>\n<meta property=\"og:type\" content=\"article\" \/>\n<meta property=\"og:title\" content=\"Contact - Glass Promic\" \/>\n<meta property=\"og:description\" content=\"Nous contacter Un besoin, une question,une demande ? N&rsquo;h\u00e9sitez pas \u00e0 nous contacter, nous vous r\u00e9pondrons dans les plus brefs d\u00e9lais. Contact &amp; coordonn\u00e9es Soci\u00e9t\u00e9 : PROMIC Adresse : 2 All\u00e9e Galil\u00e9eZ.I. STELYTEC\u202842400 Saint-Chamond T\u00e9l\u00e9phone : 33(0)4 77 475 274 Adresse email commercial@promic.fr Horaires d&rsquo;ouverture : Lundi au jeudi : 08h30 &#8211; 17h00 Vendredi : [&hellip;]\" \/>\n<meta property=\"og:url\" content=\"https:\/\/glass.promic.preprodwebsite.fr\/en\/contact\/\" \/>\n<meta property=\"og:site_name\" content=\"Glass Promic\" \/>\n<meta property=\"article:modified_time\" content=\"2025-12-07T08:30:28+00:00\" \/>\n<meta property=\"og:image\" content=\"https:\/\/glass.promic.preprodwebsite.fr\/wp-content\/uploads\/2025\/09\/slide.webp\" \/>\n\t<meta property=\"og:image:width\" content=\"1140\" \/>\n\t<meta property=\"og:image:height\" content=\"440\" \/>\n\t<meta property=\"og:image:type\" content=\"image\/webp\" \/>\n<meta name=\"twitter:card\" content=\"summary_large_image\" \/>\n<meta name=\"twitter:label1\" content=\"Est. reading time\" \/>\n\t<meta name=\"twitter:data1\" content=\"1 minute\" \/>\n<script type=\"application\/ld+json\" class=\"yoast-schema-graph\">{\"@context\":\"https:\/\/schema.org\",\"@graph\":[{\"@type\":\"WebPage\",\"@id\":\"https:\/\/glass.promic.preprodwebsite.fr\/contact\/\",\"url\":\"https:\/\/glass.promic.preprodwebsite.fr\/contact\/\",\"name\":\"Contact - Glass Promic\",\"isPartOf\":{\"@id\":\"https:\/\/glass.promic.preprodwebsite.fr\/#website\"},\"primaryImageOfPage\":{\"@id\":\"https:\/\/glass.promic.preprodwebsite.fr\/contact\/#primaryimage\"},\"image\":{\"@id\":\"https:\/\/glass.promic.preprodwebsite.fr\/contact\/#primaryimage\"},\"thumbnailUrl\":\"https:\/\/glass.promic.preprodwebsite.fr\/wp-content\/uploads\/2025\/09\/slide-1024x395.webp\",\"datePublished\":\"2025-11-03T11:00:19+00:00\",\"dateModified\":\"2025-12-07T08:30:28+00:00\",\"breadcrumb\":{\"@id\":\"https:\/\/glass.promic.preprodwebsite.fr\/contact\/#breadcrumb\"},\"inLanguage\":\"en-US\",\"potentialAction\":[{\"@type\":\"ReadAction\",\"target\":[\"https:\/\/glass.promic.preprodwebsite.fr\/contact\/\"]}]},{\"@type\":\"ImageObject\",\"inLanguage\":\"en-US\",\"@id\":\"https:\/\/glass.promic.preprodwebsite.fr\/contact\/#primaryimage\",\"url\":\"https:\/\/glass.promic.preprodwebsite.fr\/wp-content\/uploads\/2025\/09\/slide-1024x395.webp\",\"contentUrl\":\"https:\/\/glass.promic.preprodwebsite.fr\/wp-content\/uploads\/2025\/09\/slide-1024x395.webp\"},{\"@type\":\"BreadcrumbList\",\"@id\":\"https:\/\/glass.promic.preprodwebsite.fr\/contact\/#breadcrumb\",\"itemListElement\":[{\"@type\":\"ListItem\",\"position\":1,\"name\":\"Accueil\",\"item\":\"https:\/\/glass.promic.preprodwebsite.fr\/\"},{\"@type\":\"ListItem\",\"position\":2,\"name\":\"Contact\"}]},{\"@type\":\"WebSite\",\"@id\":\"https:\/\/glass.promic.preprodwebsite.fr\/#website\",\"url\":\"https:\/\/glass.promic.preprodwebsite.fr\/\",\"name\":\"Glass Promic\",\"description\":\"Solutions en verre optique industriel\",\"publisher\":{\"@id\":\"https:\/\/glass.promic.preprodwebsite.fr\/#organization\"},\"potentialAction\":[{\"@type\":\"SearchAction\",\"target\":{\"@type\":\"EntryPoint\",\"urlTemplate\":\"https:\/\/glass.promic.preprodwebsite.fr\/?s={search_term_string}\"},\"query-input\":{\"@type\":\"PropertyValueSpecification\",\"valueRequired\":true,\"valueName\":\"search_term_string\"}}],\"inLanguage\":\"en-US\"},{\"@type\":\"Organization\",\"@id\":\"https:\/\/glass.promic.preprodwebsite.fr\/#organization\",\"name\":\"Glass Promic\",\"url\":\"https:\/\/glass.promic.preprodwebsite.fr\/\",\"logo\":{\"@type\":\"ImageObject\",\"inLanguage\":\"en-US\",\"@id\":\"https:\/\/glass.promic.preprodwebsite.fr\/#\/schema\/logo\/image\/\",\"url\":\"https:\/\/glass.promic.preprodwebsite.fr\/wp-content\/uploads\/2025\/09\/logo.png\",\"contentUrl\":\"https:\/\/glass.promic.preprodwebsite.fr\/wp-content\/uploads\/2025\/09\/logo.png\",\"width\":252,\"height\":59,\"caption\":\"Glass Promic\"},\"image\":{\"@id\":\"https:\/\/glass.promic.preprodwebsite.fr\/#\/schema\/logo\/image\/\"}}]}<\/script>\n<!-- \/ Yoast SEO plugin. -->","yoast_head_json":{"title":"Contact - Glass Promic","robots":{"index":"noindex","follow":"follow","max-snippet":"max-snippet:-1","max-image-preview":"max-image-preview:large","max-video-preview":"max-video-preview:-1"},"og_locale":"en_US","og_type":"article","og_title":"Contact - Glass Promic","og_description":"Nous contacter Un besoin, une question,une demande ? N&rsquo;h\u00e9sitez pas \u00e0 nous contacter, nous vous r\u00e9pondrons dans les plus brefs d\u00e9lais. Contact &amp; coordonn\u00e9es Soci\u00e9t\u00e9 : PROMIC Adresse : 2 All\u00e9e Galil\u00e9eZ.I. STELYTEC\u202842400 Saint-Chamond T\u00e9l\u00e9phone : 33(0)4 77 475 274 Adresse email commercial@promic.fr Horaires d&rsquo;ouverture : Lundi au jeudi : 08h30 &#8211; 17h00 Vendredi : [&hellip;]","og_url":"https:\/\/glass.promic.preprodwebsite.fr\/en\/contact\/","og_site_name":"Glass Promic","article_modified_time":"2025-12-07T08:30:28+00:00","og_image":[{"width":1140,"height":440,"url":"https:\/\/glass.promic.preprodwebsite.fr\/wp-content\/uploads\/2025\/09\/slide.webp","type":"image\/webp"}],"twitter_card":"summary_large_image","twitter_misc":{"Est. reading time":"1 minute"},"schema":{"@context":"https:\/\/schema.org","@graph":[{"@type":"WebPage","@id":"https:\/\/glass.promic.preprodwebsite.fr\/contact\/","url":"https:\/\/glass.promic.preprodwebsite.fr\/contact\/","name":"Contact - Glass Promic","isPartOf":{"@id":"https:\/\/glass.promic.preprodwebsite.fr\/#website"},"primaryImageOfPage":{"@id":"https:\/\/glass.promic.preprodwebsite.fr\/contact\/#primaryimage"},"image":{"@id":"https:\/\/glass.promic.preprodwebsite.fr\/contact\/#primaryimage"},"thumbnailUrl":"https:\/\/glass.promic.preprodwebsite.fr\/wp-content\/uploads\/2025\/09\/slide-1024x395.webp","datePublished":"2025-11-03T11:00:19+00:00","dateModified":"2025-12-07T08:30:28+00:00","breadcrumb":{"@id":"https:\/\/glass.promic.preprodwebsite.fr\/contact\/#breadcrumb"},"inLanguage":"en-US","potentialAction":[{"@type":"ReadAction","target":["https:\/\/glass.promic.preprodwebsite.fr\/contact\/"]}]},{"@type":"ImageObject","inLanguage":"en-US","@id":"https:\/\/glass.promic.preprodwebsite.fr\/contact\/#primaryimage","url":"https:\/\/glass.promic.preprodwebsite.fr\/wp-content\/uploads\/2025\/09\/slide-1024x395.webp","contentUrl":"https:\/\/glass.promic.preprodwebsite.fr\/wp-content\/uploads\/2025\/09\/slide-1024x395.webp"},{"@type":"BreadcrumbList","@id":"https:\/\/glass.promic.preprodwebsite.fr\/contact\/#breadcrumb","itemListElement":[{"@type":"ListItem","position":1,"name":"Accueil","item":"https:\/\/glass.promic.preprodwebsite.fr\/"},{"@type":"ListItem","position":2,"name":"Contact"}]},{"@type":"WebSite","@id":"https:\/\/glass.promic.preprodwebsite.fr\/#website","url":"https:\/\/glass.promic.preprodwebsite.fr\/","name":"Glass Promic","description":"Solutions en verre optique industriel","publisher":{"@id":"https:\/\/glass.promic.preprodwebsite.fr\/#organization"},"potentialAction":[{"@type":"SearchAction","target":{"@type":"EntryPoint","urlTemplate":"https:\/\/glass.promic.preprodwebsite.fr\/?s={search_term_string}"},"query-input":{"@type":"PropertyValueSpecification","valueRequired":true,"valueName":"search_term_string"}}],"inLanguage":"en-US"},{"@type":"Organization","@id":"https:\/\/glass.promic.preprodwebsite.fr\/#organization","name":"Glass Promic","url":"https:\/\/glass.promic.preprodwebsite.fr\/","logo":{"@type":"ImageObject","inLanguage":"en-US","@id":"https:\/\/glass.promic.preprodwebsite.fr\/#\/schema\/logo\/image\/","url":"https:\/\/glass.promic.preprodwebsite.fr\/wp-content\/uploads\/2025\/09\/logo.png","contentUrl":"https:\/\/glass.promic.preprodwebsite.fr\/wp-content\/uploads\/2025\/09\/logo.png","width":252,"height":59,"caption":"Glass Promic"},"image":{"@id":"https:\/\/glass.promic.preprodwebsite.fr\/#\/schema\/logo\/image\/"}}]}},"_links":{"self":[{"href":"https:\/\/glass.promic.preprodwebsite.fr\/en\/wp-json\/wp\/v2\/pages\/839","targetHints":{"allow":["GET"]}}],"collection":[{"href":"https:\/\/glass.promic.preprodwebsite.fr\/en\/wp-json\/wp\/v2\/pages"}],"about":[{"href":"https:\/\/glass.promic.preprodwebsite.fr\/en\/wp-json\/wp\/v2\/types\/page"}],"author":[{"embeddable":true,"href":"https:\/\/glass.promic.preprodwebsite.fr\/en\/wp-json\/wp\/v2\/users\/1"}],"replies":[{"embeddable":true,"href":"https:\/\/glass.promic.preprodwebsite.fr\/en\/wp-json\/wp\/v2\/comments?post=839"}],"version-history":[{"count":37,"href":"https:\/\/glass.promic.preprodwebsite.fr\/en\/wp-json\/wp\/v2\/pages\/839\/revisions"}],"predecessor-version":[{"id":1349,"href":"https:\/\/glass.promic.preprodwebsite.fr\/en\/wp-json\/wp\/v2\/pages\/839\/revisions\/1349"}],"wp:attachment":[{"href":"https:\/\/glass.promic.preprodwebsite.fr\/en\/wp-json\/wp\/v2\/media?parent=839"}],"curies":[{"name":"wp","href":"https:\/\/api.w.org\/{rel}","templated":true}]}}