{"id":857,"date":"2025-11-03T12:30:09","date_gmt":"2025-11-03T11:30:09","guid":{"rendered":"https:\/\/glass.promic.preprodwebsite.fr\/?page_id=857"},"modified":"2026-01-27T10:33:20","modified_gmt":"2026-01-27T09:33:20","slug":"nos-realisations","status":"publish","type":"page","link":"https:\/\/glass.promic.preprodwebsite.fr\/en\/nos-realisations\/","title":{"rendered":"Our achievements"},"content":{"rendered":"<div data-elementor-type=\"wp-post\" data-elementor-id=\"857\" class=\"elementor elementor-857\" data-elementor-settings=\"{&quot;ha_cmc_init_switcher&quot;:&quot;no&quot;}\" data-elementor-post-type=\"page\">\n\t\t\t\t<div class=\"elementor-element elementor-element-0b3dd88 e-flex e-con-boxed e-con e-parent\" data-id=\"0b3dd88\" data-element_type=\"container\" data-e-type=\"container\" data-settings=\"{&quot;jet_parallax_layout_list&quot;:[],&quot;background_background&quot;:&quot;classic&quot;,&quot;_ha_eqh_enable&quot;:false}\">\n\t\t\t\t\t<div class=\"e-con-inner\">\n\t\t<div class=\"elementor-element elementor-element-fc3d68c e-con-full e-flex e-con e-child\" data-id=\"fc3d68c\" data-element_type=\"container\" data-e-type=\"container\" data-settings=\"{&quot;background_background&quot;:&quot;classic&quot;,&quot;jet_parallax_layout_list&quot;:[],&quot;_ha_eqh_enable&quot;:false}\">\n\t\t\t\t<div class=\"elementor-element elementor-element-65df592 elementor-widget elementor-widget-heading\" data-id=\"65df592\" data-element_type=\"widget\" data-e-type=\"widget\" data-widget_type=\"heading.default\">\n\t\t\t\t\t<h1 class=\"elementor-heading-title elementor-size-default\">Our achievements<\/h1>\t\t\t\t<\/div>\n\t\t\t\t<\/div>\n\t\t\t\t\t<\/div>\n\t\t\t\t<\/div>\n\t\t<div class=\"elementor-element elementor-element-dd58f35 e-flex e-con-boxed e-con e-parent\" data-id=\"dd58f35\" data-element_type=\"container\" data-e-type=\"container\" data-settings=\"{&quot;background_background&quot;:&quot;classic&quot;,&quot;jet_parallax_layout_list&quot;:[],&quot;_ha_eqh_enable&quot;:false}\">\n\t\t\t\t\t<div class=\"e-con-inner\">\n\t\t\t\t<div class=\"elementor-element elementor-element-689d545 elementor-widget elementor-widget-global elementor-global-1551 elementor-widget-jet-portfolio\" data-id=\"689d545\" data-element_type=\"widget\" data-e-type=\"widget\" data-settings=\"{&quot;columns&quot;:&quot;4&quot;,&quot;columns_tablet&quot;:&quot;2&quot;,&quot;columns_mobile&quot;:&quot;1&quot;}\" data-widget_type=\"jet-portfolio.default\">\n\t\t\t\t<div class=\"elementor-widget-container\">\n\t\t\t\t\t<div class=\"elementor-jet-portfolio jet-elements\">\n<div class=\"jet-portfolio layout-type-grid preset-type-4 layout-desktop-column-4 layout-tablet-column-2 layout-mobile-column-1\" data-settings=\"{&quot;layoutType&quot;:&quot;grid&quot;,&quot;perPage&quot;:12}\"><div class=\"jet-portfolio__filter\"><div class=\"jet-portfolio__filter-list\"><div class=\"jet-portfolio__filter-item active\" data-slug=\"all\"><span>All<\/span><\/div><div class=\"jet-portfolio__filter-item\" data-slug=\"composants-optiques\"><span>Optical components<\/span><\/div><div class=\"jet-portfolio__filter-item\" data-slug=\"verres-faconnes\"><span>Shaped glasses<\/span><\/div><div class=\"jet-portfolio__filter-item\" data-slug=\"reflecteurs\"><span>Reflectors<\/span><\/div><\/div><\/div><div class=\"jet-portfolio__list\"><article class=\"jet-portfolio__item visible-status\" data-slug=\"{&quot;0&quot;:&quot;all&quot;,&quot;1&quot;:&quot;composants-optiques&quot;}\">\n\t<div class=\"jet-portfolio__inner\">\n\t\t<a class=\"jet-portfolio__link\" target=\"\" rel=\"\" href=\"https:\/\/glass.promic.preprodwebsite.fr\/en\/realisations\/miroirs-dentaires-legers-dispositifs-medicaux-ergonomiques\/\">\n\t\t\t<div class=\"jet-portfolio__image\">\n\t\t\t\t<img loading=\"lazy\" decoding=\"async\" class=\"jet-portfolio__image-instance\" src=\"https:\/\/glass.promic.preprodwebsite.fr\/wp-content\/uploads\/2025\/11\/different-dental-tools-2024-10-18-05-25-21-utc-1024x683.jpg\" width=\"800\" height=\"534\"  alt=\"Close up of different dental tools\">\t\t\t\t<div class=\"jet-portfolio__image-loader\"><span><\/span><\/div>\n\t\t\t<\/div>\n\t\t<\/a>\n\t\t<div class=\"jet-portfolio__content\">\n\t\t\t<div class=\"jet-portfolio__content-inner\"><h4 class=\"jet-portfolio__title\">Lightweight, durable dental mirrors for ergonomic medical devices<\/h4><a class=\"elementor-button elementor-size-md jet-portfolio__button\" href=\"https:\/\/glass.promic.preprodwebsite.fr\/en\/realisations\/miroirs-dentaires-legers-dispositifs-medicaux-ergonomiques\/\"><span class=\"jet-portfolio__button-text\">Discover<\/span><\/a><\/div>\n\t\t<\/div>\n\t<\/div>\n<\/article><article class=\"jet-portfolio__item visible-status\" data-slug=\"{&quot;0&quot;:&quot;all&quot;,&quot;1&quot;:&quot;verres-faconnes&quot;}\">\n\t<div class=\"jet-portfolio__inner\">\n\t\t<a class=\"jet-portfolio__link\" target=\"\" rel=\"\" href=\"https:\/\/glass.promic.preprodwebsite.fr\/en\/realisations\/verre-faconne-equipements-industriels-telecommandes-chantier\/\">\n\t\t\t<div class=\"jet-portfolio__image\">\n\t\t\t\t<img loading=\"lazy\" decoding=\"async\" class=\"jet-portfolio__image-instance\" src=\"https:\/\/glass.promic.preprodwebsite.fr\/wp-content\/uploads\/2025\/11\/verre-usine-et-serigraphie-pour-equipements-industriels-1024x683.png\" width=\"800\" height=\"534\"  alt=\"verre usine\u0301 et se\u0301rigraphie\u0301 pour e\u0301quipements industriels\">\t\t\t\t<div class=\"jet-portfolio__image-loader\"><span><\/span><\/div>\n\t\t\t<\/div>\n\t\t<\/a>\n\t\t<div class=\"jet-portfolio__content\">\n\t\t\t<div class=\"jet-portfolio__content-inner\"><h4 class=\"jet-portfolio__title\">Shaped glass for industrial equipment and site remote controls<\/h4><a class=\"elementor-button elementor-size-md jet-portfolio__button\" href=\"https:\/\/glass.promic.preprodwebsite.fr\/en\/realisations\/verre-faconne-equipements-industriels-telecommandes-chantier\/\"><span class=\"jet-portfolio__button-text\">Discover<\/span><\/a><\/div>\n\t\t<\/div>\n\t<\/div>\n<\/article><article class=\"jet-portfolio__item visible-status\" data-slug=\"{&quot;0&quot;:&quot;all&quot;,&quot;1&quot;:&quot;composants-optiques&quot;}\">\n\t<div class=\"jet-portfolio__inner\">\n\t\t<a class=\"jet-portfolio__link\" target=\"\" rel=\"\" href=\"https:\/\/glass.promic.preprodwebsite.fr\/en\/realisations\/eclairage-museographique\/\">\n\t\t\t<div class=\"jet-portfolio__image\">\n\t\t\t\t<img loading=\"lazy\" decoding=\"async\" class=\"jet-portfolio__image-instance\" src=\"https:\/\/glass.promic.preprodwebsite.fr\/wp-content\/uploads\/2025\/10\/Lentille-optique-declairage-museographique-1024x683.png\" width=\"800\" height=\"534\"  alt=\"Lentille optique d&#039;e\u0301clairage muse\u0301ographique\">\t\t\t\t<div class=\"jet-portfolio__image-loader\"><span><\/span><\/div>\n\t\t\t<\/div>\n\t\t<\/a>\n\t\t<div class=\"jet-portfolio__content\">\n\t\t\t<div class=\"jet-portfolio__content-inner\"><h4 class=\"jet-portfolio__title\">Museum lighting<\/h4><a class=\"elementor-button elementor-size-md jet-portfolio__button\" href=\"https:\/\/glass.promic.preprodwebsite.fr\/en\/realisations\/eclairage-museographique\/\"><span class=\"jet-portfolio__button-text\">Discover<\/span><\/a><\/div>\n\t\t<\/div>\n\t<\/div>\n<\/article><article class=\"jet-portfolio__item visible-status\" data-slug=\"{&quot;0&quot;:&quot;all&quot;,&quot;1&quot;:&quot;reflecteurs&quot;}\">\n\t<div class=\"jet-portfolio__inner\">\n\t\t<a class=\"jet-portfolio__link\" target=\"\" rel=\"\" href=\"https:\/\/glass.promic.preprodwebsite.fr\/en\/realisations\/reflecteurs-fours-polymerisation-industriels\/\">\n\t\t\t<div class=\"jet-portfolio__image\">\n\t\t\t\t<img loading=\"lazy\" decoding=\"async\" class=\"jet-portfolio__image-instance\" src=\"https:\/\/glass.promic.preprodwebsite.fr\/wp-content\/uploads\/2026\/01\/reflecteurs-UV-pour-fours-de-polymerisation-1024x683.png\" width=\"800\" height=\"534\"  alt=\"re\u0301flecteurs UV pour fours de polyme\u0301risation\">\t\t\t\t<div class=\"jet-portfolio__image-loader\"><span><\/span><\/div>\n\t\t\t<\/div>\n\t\t<\/a>\n\t\t<div class=\"jet-portfolio__content\">\n\t\t\t<div class=\"jet-portfolio__content-inner\"><h4 class=\"jet-portfolio__title\">Reflectors for industrial polymerization furnaces<\/h4><a class=\"elementor-button elementor-size-md jet-portfolio__button\" href=\"https:\/\/glass.promic.preprodwebsite.fr\/en\/realisations\/reflecteurs-fours-polymerisation-industriels\/\"><span class=\"jet-portfolio__button-text\">Discover<\/span><\/a><\/div>\n\t\t<\/div>\n\t<\/div>\n<\/article><\/div><\/div>\n<\/div>\t\t\t\t<\/div>\n\t\t\t\t<\/div>\n\t\t\t\t\t<\/div>\n\t\t\t\t<\/div>\n\t\t\t\t<\/div>","protected":false},"excerpt":{"rendered":"<p>Our creations AllOptical mirrorsShaped glassLight systemsReflectors Lightweight, durable dental mirrors for ergonomic medical devices Discover Shaped glass for industrial equipment and site remote controls Discover Museographic lighting Discover Reflectors for industrial polymerization ovens Discover<\/p>","protected":false},"author":1,"featured_media":0,"parent":0,"menu_order":0,"comment_status":"closed","ping_status":"closed","template":"","meta":{"footnotes":""},"class_list":["post-857","page","type-page","status-publish","hentry"],"yoast_head":"<!-- This site is optimized with the Yoast SEO plugin v26.9 - https:\/\/yoast.com\/product\/yoast-seo-wordpress\/ -->\n<title>Nos R\u00e9alisations - Glass Promic<\/title>\n<meta name=\"robots\" content=\"noindex, follow, max-snippet:-1, max-image-preview:large, max-video-preview:-1\" \/>\n<meta property=\"og:locale\" content=\"en_US\" \/>\n<meta property=\"og:type\" content=\"article\" \/>\n<meta property=\"og:title\" content=\"Nos R\u00e9alisations - Glass Promic\" \/>\n<meta property=\"og:description\" content=\"Nos r\u00e9alisations ToutMiroirs optiquesVerres fa\u00e7onn\u00e9sSyst\u00e8mes d&rsquo;\u00e9clairagesR\u00e9flecteurs Miroirs dentaires l\u00e9gers et r\u00e9sistants pour dispositifs m\u00e9dicaux ergonomiques D\u00e9couvrir Verre fa\u00e7onn\u00e9 pour \u00e9quipements industriels et t\u00e9l\u00e9commandes de chantier D\u00e9couvrir \u00c9clairage mus\u00e9ographique D\u00e9couvrir R\u00e9flecteurs pour fours de polym\u00e9risation industriels D\u00e9couvrir\" \/>\n<meta property=\"og:url\" content=\"https:\/\/glass.promic.preprodwebsite.fr\/en\/nos-realisations\/\" \/>\n<meta property=\"og:site_name\" content=\"Glass Promic\" \/>\n<meta property=\"article:modified_time\" content=\"2026-01-27T09:33:20+00:00\" \/>\n<meta property=\"og:image\" content=\"https:\/\/glass.promic.preprodwebsite.fr\/wp-content\/uploads\/2025\/11\/different-dental-tools-2024-10-18-05-25-21-utc-1024x683.jpg\" \/>\n<meta name=\"twitter:card\" content=\"summary_large_image\" \/>\n<meta name=\"twitter:label1\" content=\"Est. reading time\" \/>\n\t<meta name=\"twitter:data1\" content=\"1 minute\" \/>\n<script type=\"application\/ld+json\" class=\"yoast-schema-graph\">{\"@context\":\"https:\/\/schema.org\",\"@graph\":[{\"@type\":\"WebPage\",\"@id\":\"https:\/\/glass.promic.preprodwebsite.fr\/nos-realisations\/\",\"url\":\"https:\/\/glass.promic.preprodwebsite.fr\/nos-realisations\/\",\"name\":\"Nos R\u00e9alisations - Glass Promic\",\"isPartOf\":{\"@id\":\"https:\/\/glass.promic.preprodwebsite.fr\/#website\"},\"primaryImageOfPage\":{\"@id\":\"https:\/\/glass.promic.preprodwebsite.fr\/nos-realisations\/#primaryimage\"},\"image\":{\"@id\":\"https:\/\/glass.promic.preprodwebsite.fr\/nos-realisations\/#primaryimage\"},\"thumbnailUrl\":\"https:\/\/glass.promic.preprodwebsite.fr\/wp-content\/uploads\/2025\/11\/different-dental-tools-2024-10-18-05-25-21-utc-1024x683.jpg\",\"datePublished\":\"2025-11-03T11:30:09+00:00\",\"dateModified\":\"2026-01-27T09:33:20+00:00\",\"breadcrumb\":{\"@id\":\"https:\/\/glass.promic.preprodwebsite.fr\/nos-realisations\/#breadcrumb\"},\"inLanguage\":\"en-US\",\"potentialAction\":[{\"@type\":\"ReadAction\",\"target\":[\"https:\/\/glass.promic.preprodwebsite.fr\/nos-realisations\/\"]}]},{\"@type\":\"ImageObject\",\"inLanguage\":\"en-US\",\"@id\":\"https:\/\/glass.promic.preprodwebsite.fr\/nos-realisations\/#primaryimage\",\"url\":\"https:\/\/glass.promic.preprodwebsite.fr\/wp-content\/uploads\/2025\/11\/different-dental-tools-2024-10-18-05-25-21-utc-1024x683.jpg\",\"contentUrl\":\"https:\/\/glass.promic.preprodwebsite.fr\/wp-content\/uploads\/2025\/11\/different-dental-tools-2024-10-18-05-25-21-utc-1024x683.jpg\"},{\"@type\":\"BreadcrumbList\",\"@id\":\"https:\/\/glass.promic.preprodwebsite.fr\/nos-realisations\/#breadcrumb\",\"itemListElement\":[{\"@type\":\"ListItem\",\"position\":1,\"name\":\"Accueil\",\"item\":\"https:\/\/glass.promic.preprodwebsite.fr\/\"},{\"@type\":\"ListItem\",\"position\":2,\"name\":\"Nos R\u00e9alisations\"}]},{\"@type\":\"WebSite\",\"@id\":\"https:\/\/glass.promic.preprodwebsite.fr\/#website\",\"url\":\"https:\/\/glass.promic.preprodwebsite.fr\/\",\"name\":\"Glass Promic\",\"description\":\"Solutions en verre optique industriel\",\"publisher\":{\"@id\":\"https:\/\/glass.promic.preprodwebsite.fr\/#organization\"},\"potentialAction\":[{\"@type\":\"SearchAction\",\"target\":{\"@type\":\"EntryPoint\",\"urlTemplate\":\"https:\/\/glass.promic.preprodwebsite.fr\/?s={search_term_string}\"},\"query-input\":{\"@type\":\"PropertyValueSpecification\",\"valueRequired\":true,\"valueName\":\"search_term_string\"}}],\"inLanguage\":\"en-US\"},{\"@type\":\"Organization\",\"@id\":\"https:\/\/glass.promic.preprodwebsite.fr\/#organization\",\"name\":\"Glass Promic\",\"url\":\"https:\/\/glass.promic.preprodwebsite.fr\/\",\"logo\":{\"@type\":\"ImageObject\",\"inLanguage\":\"en-US\",\"@id\":\"https:\/\/glass.promic.preprodwebsite.fr\/#\/schema\/logo\/image\/\",\"url\":\"https:\/\/glass.promic.preprodwebsite.fr\/wp-content\/uploads\/2025\/09\/logo.png\",\"contentUrl\":\"https:\/\/glass.promic.preprodwebsite.fr\/wp-content\/uploads\/2025\/09\/logo.png\",\"width\":252,\"height\":59,\"caption\":\"Glass Promic\"},\"image\":{\"@id\":\"https:\/\/glass.promic.preprodwebsite.fr\/#\/schema\/logo\/image\/\"}}]}<\/script>\n<!-- \/ Yoast SEO plugin. -->","yoast_head_json":{"title":"Nos R\u00e9alisations - Glass Promic","robots":{"index":"noindex","follow":"follow","max-snippet":"max-snippet:-1","max-image-preview":"max-image-preview:large","max-video-preview":"max-video-preview:-1"},"og_locale":"en_US","og_type":"article","og_title":"Nos R\u00e9alisations - Glass Promic","og_description":"Nos r\u00e9alisations ToutMiroirs optiquesVerres fa\u00e7onn\u00e9sSyst\u00e8mes d&rsquo;\u00e9clairagesR\u00e9flecteurs Miroirs dentaires l\u00e9gers et r\u00e9sistants pour dispositifs m\u00e9dicaux ergonomiques D\u00e9couvrir Verre fa\u00e7onn\u00e9 pour \u00e9quipements industriels et t\u00e9l\u00e9commandes de chantier D\u00e9couvrir \u00c9clairage mus\u00e9ographique D\u00e9couvrir R\u00e9flecteurs pour fours de polym\u00e9risation industriels D\u00e9couvrir","og_url":"https:\/\/glass.promic.preprodwebsite.fr\/en\/nos-realisations\/","og_site_name":"Glass Promic","article_modified_time":"2026-01-27T09:33:20+00:00","og_image":[{"url":"https:\/\/glass.promic.preprodwebsite.fr\/wp-content\/uploads\/2025\/11\/different-dental-tools-2024-10-18-05-25-21-utc-1024x683.jpg","type":"","width":"","height":""}],"twitter_card":"summary_large_image","twitter_misc":{"Est. reading time":"1 minute"},"schema":{"@context":"https:\/\/schema.org","@graph":[{"@type":"WebPage","@id":"https:\/\/glass.promic.preprodwebsite.fr\/nos-realisations\/","url":"https:\/\/glass.promic.preprodwebsite.fr\/nos-realisations\/","name":"Nos R\u00e9alisations - Glass Promic","isPartOf":{"@id":"https:\/\/glass.promic.preprodwebsite.fr\/#website"},"primaryImageOfPage":{"@id":"https:\/\/glass.promic.preprodwebsite.fr\/nos-realisations\/#primaryimage"},"image":{"@id":"https:\/\/glass.promic.preprodwebsite.fr\/nos-realisations\/#primaryimage"},"thumbnailUrl":"https:\/\/glass.promic.preprodwebsite.fr\/wp-content\/uploads\/2025\/11\/different-dental-tools-2024-10-18-05-25-21-utc-1024x683.jpg","datePublished":"2025-11-03T11:30:09+00:00","dateModified":"2026-01-27T09:33:20+00:00","breadcrumb":{"@id":"https:\/\/glass.promic.preprodwebsite.fr\/nos-realisations\/#breadcrumb"},"inLanguage":"en-US","potentialAction":[{"@type":"ReadAction","target":["https:\/\/glass.promic.preprodwebsite.fr\/nos-realisations\/"]}]},{"@type":"ImageObject","inLanguage":"en-US","@id":"https:\/\/glass.promic.preprodwebsite.fr\/nos-realisations\/#primaryimage","url":"https:\/\/glass.promic.preprodwebsite.fr\/wp-content\/uploads\/2025\/11\/different-dental-tools-2024-10-18-05-25-21-utc-1024x683.jpg","contentUrl":"https:\/\/glass.promic.preprodwebsite.fr\/wp-content\/uploads\/2025\/11\/different-dental-tools-2024-10-18-05-25-21-utc-1024x683.jpg"},{"@type":"BreadcrumbList","@id":"https:\/\/glass.promic.preprodwebsite.fr\/nos-realisations\/#breadcrumb","itemListElement":[{"@type":"ListItem","position":1,"name":"Accueil","item":"https:\/\/glass.promic.preprodwebsite.fr\/"},{"@type":"ListItem","position":2,"name":"Nos R\u00e9alisations"}]},{"@type":"WebSite","@id":"https:\/\/glass.promic.preprodwebsite.fr\/#website","url":"https:\/\/glass.promic.preprodwebsite.fr\/","name":"Glass Promic","description":"Solutions en verre optique industriel","publisher":{"@id":"https:\/\/glass.promic.preprodwebsite.fr\/#organization"},"potentialAction":[{"@type":"SearchAction","target":{"@type":"EntryPoint","urlTemplate":"https:\/\/glass.promic.preprodwebsite.fr\/?s={search_term_string}"},"query-input":{"@type":"PropertyValueSpecification","valueRequired":true,"valueName":"search_term_string"}}],"inLanguage":"en-US"},{"@type":"Organization","@id":"https:\/\/glass.promic.preprodwebsite.fr\/#organization","name":"Glass Promic","url":"https:\/\/glass.promic.preprodwebsite.fr\/","logo":{"@type":"ImageObject","inLanguage":"en-US","@id":"https:\/\/glass.promic.preprodwebsite.fr\/#\/schema\/logo\/image\/","url":"https:\/\/glass.promic.preprodwebsite.fr\/wp-content\/uploads\/2025\/09\/logo.png","contentUrl":"https:\/\/glass.promic.preprodwebsite.fr\/wp-content\/uploads\/2025\/09\/logo.png","width":252,"height":59,"caption":"Glass Promic"},"image":{"@id":"https:\/\/glass.promic.preprodwebsite.fr\/#\/schema\/logo\/image\/"}}]}},"_links":{"self":[{"href":"https:\/\/glass.promic.preprodwebsite.fr\/en\/wp-json\/wp\/v2\/pages\/857","targetHints":{"allow":["GET"]}}],"collection":[{"href":"https:\/\/glass.promic.preprodwebsite.fr\/en\/wp-json\/wp\/v2\/pages"}],"about":[{"href":"https:\/\/glass.promic.preprodwebsite.fr\/en\/wp-json\/wp\/v2\/types\/page"}],"author":[{"embeddable":true,"href":"https:\/\/glass.promic.preprodwebsite.fr\/en\/wp-json\/wp\/v2\/users\/1"}],"replies":[{"embeddable":true,"href":"https:\/\/glass.promic.preprodwebsite.fr\/en\/wp-json\/wp\/v2\/comments?post=857"}],"version-history":[{"count":25,"href":"https:\/\/glass.promic.preprodwebsite.fr\/en\/wp-json\/wp\/v2\/pages\/857\/revisions"}],"predecessor-version":[{"id":1556,"href":"https:\/\/glass.promic.preprodwebsite.fr\/en\/wp-json\/wp\/v2\/pages\/857\/revisions\/1556"}],"wp:attachment":[{"href":"https:\/\/glass.promic.preprodwebsite.fr\/en\/wp-json\/wp\/v2\/media?parent=857"}],"curies":[{"name":"wp","href":"https:\/\/api.w.org\/{rel}","templated":true}]}}